{"id":239,"date":"2022-09-28T14:00:43","date_gmt":"2022-09-28T12:00:43","guid":{"rendered":"https:\/\/arena-friedberger-warte.com\/\/directions\/"},"modified":"2026-04-16T13:06:05","modified_gmt":"2026-04-16T11:06:05","slug":"directions","status":"publish","type":"page","link":"https:\/\/arena-friedberger-warte.com\/en\/directions\/","title":{"rendered":"Directions"},"content":{"rendered":"<section  class='av_textblock_section av-l8lksyg5-4205b4a37e1708c59bbfdd8633f8a18f '   itemscope=\"itemscope\" itemtype=\"https:\/\/schema.org\/CreativeWork\" ><div class='avia_textblock'  itemprop=\"text\" ><h2>How to reach us<\/h2>\n<\/div><\/section>\n<div  class='flex_column av-de1h2-9774345da7077418bafa609688ce7a5e av_one_half  avia-builder-el-1  el_after_av_textblock  el_before_av_one_half  first flex_column_div  column-top-margin'     ><section  class='av_textblock_section av-l8lkrbzu-ab6090c167fc239b8e5a35c5e99e226a '   itemscope=\"itemscope\" itemtype=\"https:\/\/schema.org\/CreativeWork\" ><div class='avia_textblock'  itemprop=\"text\" ><h3>Mit dem Auto<\/h3>\n<p>Anfahrt \u00fcber die A3: Am Offenbacher Kreuz auf die A661 in Richtung Bad Homburg.<br \/>\nAnfahrt \u00fcber die A7\/A5\/E40: Am Bad Homburger Kreuz Abfahrt auf die A661 in Richtung Offenbach.<br \/>\nAbfahrt von der A661: An der Anschlussstelle Frankfurt-Friedberger Landstra\u00dfe auf die Friedberger Landstra\u00dfe in Richtung Frankfurt-Stadtmitte.<br \/>\nIn etwa einem Kilometer gleich nach dem Mc Donald&#8217;s Restaurant rechts in die hoteleigene Einfahrt einbiegen.<\/p>\n<\/div><\/section><\/div>\n<div  class='flex_column av-a93vy-d7692f27cdbeaee5ca4e22f98bddfdfd av_one_half  avia-builder-el-3  el_after_av_one_half  el_before_av_google_map  avia-builder-el-last  flex_column_div  column-top-margin'     ><section  class='av_textblock_section av-l8lks22b-3b3060b64994a956d24037c226d7a8b4 '   itemscope=\"itemscope\" itemtype=\"https:\/\/schema.org\/CreativeWork\" ><div class='avia_textblock'  itemprop=\"text\" ><h3>Mit der Bahn<\/h3>\n<p>Vom Hauptbahnhof Frankfurt fahren Sie von den Gleisen 101 oder 102 mit jeder S-Bahn bis zur Station Konstablerwache (Ankunft Tiefbahnhof). Hier steigen Sie in die Stra\u00dfenbahn 18 (Richtung Preungesheim) oder in den Bus 30 (Richtung Bad Vilbel) und fahren bis zur Haltestelle Wasserpark. Das Hotelgel\u00e4nde befindet sich der Haltestelle gegen\u00fcber auf der linken Stra\u00dfenseite.<\/p>\n<\/div><\/section><\/div>\n<div  class='av_gmaps_sc_main_wrap av_gmaps_main_wrap '><div id='av_gmap_0' class='avia-google-map-container avia-google-map-sc av_gmaps_show_unconditionally av-no-fallback-img ' data-mapid='av_gmap_0'  style='height: 800px;'><a class=\"av_gmaps_browser_disabled av_text_confirm_link av_text_confirm_link_visible\" href=\"https:\/\/www.google.com\/maps\/search\/?api=1&#038;query=Friedberger%20Landstrasse%20285%2060389%20Frankfurt%20am%20Main%20Hessen%20Deutschland\" target=\"_blank\">Maps were disabled by the visitor on this site. Click to open the map in a new window.<\/a><\/div><\/div>\n<div  class='flex_column av-7p78u-f28479e1bcf8d71d2321fcd00f9b4967 av_one_full first flex_column_div  '     ><style type=\"text\/css\" data-created_by=\"avia_inline_auto\" id=\"style-css-av-m42qwsfp-2493a5ba91b5dd9a575d8c7954b1e538\">\n#top .av_textblock_section.av-m42qwsfp-2493a5ba91b5dd9a575d8c7954b1e538 .avia_textblock{\ncolor:#ffffff;\n}\n<\/style>\n<section  class='av_textblock_section av-m42qwsfp-2493a5ba91b5dd9a575d8c7954b1e538 '   itemscope=\"itemscope\" itemtype=\"https:\/\/schema.org\/CreativeWork\" ><div class='avia_textblock av_inherit_color'  itemprop=\"text\" ><p>Die Cookie-Einstellungen k\u00f6nnen \u00fcber den Schloss-Button unten links auf ihrem Bildschirm ge\u00e4ndert werden.<\/p>\n<\/div><\/section><\/div>\n","protected":false},"excerpt":{"rendered":"","protected":false},"author":1,"featured_media":0,"parent":0,"menu_order":0,"comment_status":"closed","ping_status":"closed","template":"","meta":{"footnotes":""},"class_list":["post-239","page","type-page","status-publish","hentry"],"yoast_head":"<!-- This site is optimized with the Yoast SEO plugin v26.2 - https:\/\/yoast.com\/wordpress\/plugins\/seo\/ -->\n<title>Directions - Hotel Arena an der Friedberger Warte in Frankfurt<\/title>\n<meta name=\"robots\" content=\"index, follow, max-snippet:-1, max-image-preview:large, max-video-preview:-1\" \/>\n<link rel=\"canonical\" href=\"https:\/\/arena-friedberger-warte.com\/en\/directions\/\" \/>\n<meta property=\"og:locale\" content=\"en_US\" \/>\n<meta property=\"og:type\" content=\"article\" \/>\n<meta property=\"og:title\" content=\"Directions - Hotel Arena an der Friedberger Warte in Frankfurt\" \/>\n<meta property=\"og:url\" content=\"https:\/\/arena-friedberger-warte.com\/en\/directions\/\" \/>\n<meta property=\"og:site_name\" content=\"Hotel Arena an der Friedberger Warte in Frankfurt\" \/>\n<meta property=\"article:modified_time\" content=\"2026-04-16T11:06:05+00:00\" \/>\n<meta name=\"twitter:card\" content=\"summary_large_image\" \/>\n<meta name=\"twitter:label1\" content=\"Est. reading time\" \/>\n\t<meta name=\"twitter:data1\" content=\"8 minutes\" \/>\n<script type=\"application\/ld+json\" class=\"yoast-schema-graph\">{\"@context\":\"https:\/\/schema.org\",\"@graph\":[{\"@type\":\"WebPage\",\"@id\":\"https:\/\/arena-friedberger-warte.com\/en\/directions\/\",\"url\":\"https:\/\/arena-friedberger-warte.com\/en\/directions\/\",\"name\":\"Directions - Hotel Arena an der Friedberger Warte in Frankfurt\",\"isPartOf\":{\"@id\":\"https:\/\/arena-friedberger-warte.com\/en\/#website\"},\"datePublished\":\"2022-09-28T12:00:43+00:00\",\"dateModified\":\"2026-04-16T11:06:05+00:00\",\"breadcrumb\":{\"@id\":\"https:\/\/arena-friedberger-warte.com\/en\/directions\/#breadcrumb\"},\"inLanguage\":\"en-US\",\"potentialAction\":[{\"@type\":\"ReadAction\",\"target\":[\"https:\/\/arena-friedberger-warte.com\/en\/directions\/\"]}]},{\"@type\":\"BreadcrumbList\",\"@id\":\"https:\/\/arena-friedberger-warte.com\/en\/directions\/#breadcrumb\",\"itemListElement\":[{\"@type\":\"ListItem\",\"position\":1,\"name\":\"Startseite\",\"item\":\"https:\/\/arena-friedberger-warte.com\/en\/\"},{\"@type\":\"ListItem\",\"position\":2,\"name\":\"Directions\"}]},{\"@type\":\"WebSite\",\"@id\":\"https:\/\/arena-friedberger-warte.com\/en\/#website\",\"url\":\"https:\/\/arena-friedberger-warte.com\/en\/\",\"name\":\"Hotel Arena an der Friedberger Warte in Frankfurt\",\"description\":\"Moderne Stadthotels mit internationaler Atmosp\u00e4re in finanzieller Metropole Europas\",\"publisher\":{\"@id\":\"https:\/\/arena-friedberger-warte.com\/en\/#organization\"},\"potentialAction\":[{\"@type\":\"SearchAction\",\"target\":{\"@type\":\"EntryPoint\",\"urlTemplate\":\"https:\/\/arena-friedberger-warte.com\/en\/?s={search_term_string}\"},\"query-input\":{\"@type\":\"PropertyValueSpecification\",\"valueRequired\":true,\"valueName\":\"search_term_string\"}}],\"inLanguage\":\"en-US\"},{\"@type\":\"Organization\",\"@id\":\"https:\/\/arena-friedberger-warte.com\/en\/#organization\",\"name\":\"Hotel Arena an der Friedberger Warte in Frankfurt\",\"url\":\"https:\/\/arena-friedberger-warte.com\/en\/\",\"logo\":{\"@type\":\"ImageObject\",\"inLanguage\":\"en-US\",\"@id\":\"https:\/\/arena-friedberger-warte.com\/en\/#\/schema\/logo\/image\/\",\"url\":\"https:\/\/arena-friedberger-warte.com\/wp-content\/uploads\/arena_logo_black.svg\",\"contentUrl\":\"https:\/\/arena-friedberger-warte.com\/wp-content\/uploads\/arena_logo_black.svg\",\"width\":1,\"height\":1,\"caption\":\"Hotel Arena an der Friedberger Warte in Frankfurt\"},\"image\":{\"@id\":\"https:\/\/arena-friedberger-warte.com\/en\/#\/schema\/logo\/image\/\"}}]}<\/script>\n<!-- \/ Yoast SEO plugin. -->","yoast_head_json":{"title":"Directions - Hotel Arena an der Friedberger Warte in Frankfurt","robots":{"index":"index","follow":"follow","max-snippet":"max-snippet:-1","max-image-preview":"max-image-preview:large","max-video-preview":"max-video-preview:-1"},"canonical":"https:\/\/arena-friedberger-warte.com\/en\/directions\/","og_locale":"en_US","og_type":"article","og_title":"Directions - Hotel Arena an der Friedberger Warte in Frankfurt","og_url":"https:\/\/arena-friedberger-warte.com\/en\/directions\/","og_site_name":"Hotel Arena an der Friedberger Warte in Frankfurt","article_modified_time":"2026-04-16T11:06:05+00:00","twitter_card":"summary_large_image","twitter_misc":{"Est. reading time":"8 minutes"},"schema":{"@context":"https:\/\/schema.org","@graph":[{"@type":"WebPage","@id":"https:\/\/arena-friedberger-warte.com\/en\/directions\/","url":"https:\/\/arena-friedberger-warte.com\/en\/directions\/","name":"Directions - Hotel Arena an der Friedberger Warte in Frankfurt","isPartOf":{"@id":"https:\/\/arena-friedberger-warte.com\/en\/#website"},"datePublished":"2022-09-28T12:00:43+00:00","dateModified":"2026-04-16T11:06:05+00:00","breadcrumb":{"@id":"https:\/\/arena-friedberger-warte.com\/en\/directions\/#breadcrumb"},"inLanguage":"en-US","potentialAction":[{"@type":"ReadAction","target":["https:\/\/arena-friedberger-warte.com\/en\/directions\/"]}]},{"@type":"BreadcrumbList","@id":"https:\/\/arena-friedberger-warte.com\/en\/directions\/#breadcrumb","itemListElement":[{"@type":"ListItem","position":1,"name":"Startseite","item":"https:\/\/arena-friedberger-warte.com\/en\/"},{"@type":"ListItem","position":2,"name":"Directions"}]},{"@type":"WebSite","@id":"https:\/\/arena-friedberger-warte.com\/en\/#website","url":"https:\/\/arena-friedberger-warte.com\/en\/","name":"Hotel Arena an der Friedberger Warte in Frankfurt","description":"Moderne Stadthotels mit internationaler Atmosp\u00e4re in finanzieller Metropole Europas","publisher":{"@id":"https:\/\/arena-friedberger-warte.com\/en\/#organization"},"potentialAction":[{"@type":"SearchAction","target":{"@type":"EntryPoint","urlTemplate":"https:\/\/arena-friedberger-warte.com\/en\/?s={search_term_string}"},"query-input":{"@type":"PropertyValueSpecification","valueRequired":true,"valueName":"search_term_string"}}],"inLanguage":"en-US"},{"@type":"Organization","@id":"https:\/\/arena-friedberger-warte.com\/en\/#organization","name":"Hotel Arena an der Friedberger Warte in Frankfurt","url":"https:\/\/arena-friedberger-warte.com\/en\/","logo":{"@type":"ImageObject","inLanguage":"en-US","@id":"https:\/\/arena-friedberger-warte.com\/en\/#\/schema\/logo\/image\/","url":"https:\/\/arena-friedberger-warte.com\/wp-content\/uploads\/arena_logo_black.svg","contentUrl":"https:\/\/arena-friedberger-warte.com\/wp-content\/uploads\/arena_logo_black.svg","width":1,"height":1,"caption":"Hotel Arena an der Friedberger Warte in Frankfurt"},"image":{"@id":"https:\/\/arena-friedberger-warte.com\/en\/#\/schema\/logo\/image\/"}}]}},"_links":{"self":[{"href":"https:\/\/arena-friedberger-warte.com\/en\/wp-json\/wp\/v2\/pages\/239","targetHints":{"allow":["GET"]}}],"collection":[{"href":"https:\/\/arena-friedberger-warte.com\/en\/wp-json\/wp\/v2\/pages"}],"about":[{"href":"https:\/\/arena-friedberger-warte.com\/en\/wp-json\/wp\/v2\/types\/page"}],"author":[{"embeddable":true,"href":"https:\/\/arena-friedberger-warte.com\/en\/wp-json\/wp\/v2\/users\/1"}],"replies":[{"embeddable":true,"href":"https:\/\/arena-friedberger-warte.com\/en\/wp-json\/wp\/v2\/comments?post=239"}],"version-history":[{"count":107,"href":"https:\/\/arena-friedberger-warte.com\/en\/wp-json\/wp\/v2\/pages\/239\/revisions"}],"predecessor-version":[{"id":2468,"href":"https:\/\/arena-friedberger-warte.com\/en\/wp-json\/wp\/v2\/pages\/239\/revisions\/2468"}],"wp:attachment":[{"href":"https:\/\/arena-friedberger-warte.com\/en\/wp-json\/wp\/v2\/media?parent=239"}],"curies":[{"name":"wp","href":"https:\/\/api.w.org\/{rel}","templated":true}]}}