{"id":243,"date":"2022-09-29T08:58:03","date_gmt":"2022-09-29T06:58:03","guid":{"rendered":"https:\/\/arena-friedberger-warte.com\/\/check-in-out\/"},"modified":"2026-04-18T07:36:55","modified_gmt":"2026-04-18T05:36:55","slug":"check-in-out","status":"publish","type":"page","link":"https:\/\/arena-friedberger-warte.com\/en\/check-in-out\/","title":{"rendered":"Check in\/out"},"content":{"rendered":"<\/p>\n<div  class='flex_column av-qgajt-55024e404960b88d783b974e3dbc3f0c av_one_full  avia-builder-el-0  el_before_av_one_third  avia-builder-el-first  first flex_column_div  '     ><section  class='av_textblock_section av-l8mp7r0y-bc2e14dcecbd8ea7b2dce16e9004c9d9 '   itemscope=\"itemscope\" itemtype=\"https:\/\/schema.org\/CreativeWork\" ><div class='avia_textblock'  itemprop=\"text\" ><h2>Liebe G\u00e4ste,<br \/>\nwir freuen uns, dass Sie sich f\u00fcr unser<br \/>\nHotel Arena an der Friedberger Warte<br \/>\nentschieden haben.<\/h2>\n<\/div><\/section><\/div>\n<div  class='flex_column av-n4v61-843b8088c1836788ca36d829eeb7bac3 av_one_third  avia-builder-el-2  el_after_av_one_full  el_before_av_one_third  first flex_column_div  column-top-margin'     ><style type=\"text\/css\" data-created_by=\"avia_inline_auto\" id=\"style-css-av-l8mpbkj7-b07536e36a8fdcdf92309f2b586d7d4c\">\n.avia-image-container.av-l8mpbkj7-b07536e36a8fdcdf92309f2b586d7d4c img.avia_image{\nbox-shadow:none;\n}\n.avia-image-container.av-l8mpbkj7-b07536e36a8fdcdf92309f2b586d7d4c .av-caption-image-overlay-bg{\nopacity:0.4;\nbackground-color:#000000;\n}\n.avia-image-container.av-l8mpbkj7-b07536e36a8fdcdf92309f2b586d7d4c .av-image-caption-overlay-center{\ncolor:#ffffff;\n}\n<\/style>\n<div  class='avia-image-container av-l8mpbkj7-b07536e36a8fdcdf92309f2b586d7d4c av-styling- avia-align-center  avia-builder-el-3  avia-builder-el-no-sibling  noHover av-overlay-hover-deactivate'   itemprop=\"image\" itemscope=\"itemscope\" itemtype=\"https:\/\/schema.org\/ImageObject\" ><div class=\"avia-image-container-inner\"><div class=\"avia-image-overlay-wrap\"><div class=\"av-image-caption-overlay\"><div class=\"av-caption-image-overlay-bg\"><\/div><div class=\"av-image-caption-overlay-position\"><div class=\"av-image-caption-overlay-center\"><p>Ariane-Check-in-Automat<\/p>\n<\/div><\/div><\/div><img decoding=\"async\" fetchpriority=\"high\" class='wp-image-238 avia-img-lazy-loading-not-238 avia_image ' src=\"https:\/\/arena-friedberger-warte.com\/wp-content\/uploads\/Ariane-Check-in-Automat-234x300.jpeg\" alt='' title='Ariane-Check-in-Automat'  height=\"300\" width=\"234\"  itemprop=\"thumbnailUrl\" srcset=\"https:\/\/arena-friedberger-warte.com\/wp-content\/uploads\/Ariane-Check-in-Automat-234x300.jpeg 234w, https:\/\/arena-friedberger-warte.com\/wp-content\/uploads\/Ariane-Check-in-Automat-549x705.jpeg 549w, https:\/\/arena-friedberger-warte.com\/wp-content\/uploads\/Ariane-Check-in-Automat.jpeg 729w\" sizes=\"(max-width: 234px) 100vw, 234px\" \/><\/div><\/div><\/div><\/div>\n<div  class='flex_column av-447sh-39391c277d59321cade745053b3b1fd3 av_one_third  avia-builder-el-4  el_after_av_one_third  el_before_av_one_third  flex_column_div  column-top-margin'     ><style type=\"text\/css\" data-created_by=\"avia_inline_auto\" id=\"style-css-av-lty2l0ag-a9578f6fc7292e445fe2266d07ee0c42\">\n.avia-image-container.av-lty2l0ag-a9578f6fc7292e445fe2266d07ee0c42 img.avia_image{\nbox-shadow:none;\n}\n.avia-image-container.av-lty2l0ag-a9578f6fc7292e445fe2266d07ee0c42 .av-caption-image-overlay-bg{\nopacity:0.4;\nbackground-color:#000000;\n}\n.avia-image-container.av-lty2l0ag-a9578f6fc7292e445fe2266d07ee0c42 .av-image-caption-overlay-center{\ncolor:#ffffff;\n}\n<\/style>\n<div  class='avia-image-container av-lty2l0ag-a9578f6fc7292e445fe2266d07ee0c42 av-styling- avia-align-center  avia-builder-el-5  avia-builder-el-no-sibling  noHover av-overlay-hover-deactivate'   itemprop=\"image\" itemscope=\"itemscope\" itemtype=\"https:\/\/schema.org\/ImageObject\" ><div class=\"avia-image-container-inner\"><div class=\"avia-image-overlay-wrap\"><div class=\"av-image-caption-overlay\"><div class=\"av-caption-image-overlay-bg\"><\/div><div class=\"av-image-caption-overlay-position\"><div class=\"av-image-caption-overlay-center\"><p>Ariane-Check-in-Automat<\/p>\n<\/div><\/div><\/div><img decoding=\"async\" fetchpriority=\"high\" class='wp-image-950 avia-img-lazy-loading-not-950 avia_image ' src=\"https:\/\/arena-friedberger-warte.com\/wp-content\/uploads\/Terasse-Automat-234x300.webp\" alt='' title='Terasse Automat'  height=\"300\" width=\"234\"  itemprop=\"thumbnailUrl\" srcset=\"https:\/\/arena-friedberger-warte.com\/wp-content\/uploads\/Terasse-Automat-234x300.webp 234w, https:\/\/arena-friedberger-warte.com\/wp-content\/uploads\/Terasse-Automat-549x705.webp 549w, https:\/\/arena-friedberger-warte.com\/wp-content\/uploads\/Terasse-Automat.webp 729w\" sizes=\"(max-width: 234px) 100vw, 234px\" \/><\/div><\/div><\/div><\/div>\n<div  class='flex_column av-3at5d-c13e570049895db3b03d34a66e404dd4 av_one_third  avia-builder-el-6  el_after_av_one_third  el_before_av_one_full  flex_column_div  column-top-margin'     ><style type=\"text\/css\" data-created_by=\"avia_inline_auto\" id=\"style-css-av-lty2mph3-ab645e559c09293e21b3963147eef417\">\n.avia-image-container.av-lty2mph3-ab645e559c09293e21b3963147eef417 img.avia_image{\nbox-shadow:none;\n}\n.avia-image-container.av-lty2mph3-ab645e559c09293e21b3963147eef417 .av-caption-image-overlay-bg{\nopacity:0.4;\nbackground-color:#000000;\n}\n.avia-image-container.av-lty2mph3-ab645e559c09293e21b3963147eef417 .av-image-caption-overlay-center{\ncolor:#ffffff;\n}\n<\/style>\n<div  class='avia-image-container av-lty2mph3-ab645e559c09293e21b3963147eef417 av-styling- avia-align-center  avia-builder-el-7  avia-builder-el-no-sibling  noHover av-overlay-hover-deactivate'   itemprop=\"image\" itemscope=\"itemscope\" itemtype=\"https:\/\/schema.org\/ImageObject\" ><div class=\"avia-image-container-inner\"><div class=\"avia-image-overlay-wrap\"><div class=\"av-image-caption-overlay\"><div class=\"av-caption-image-overlay-bg\"><\/div><div class=\"av-image-caption-overlay-position\"><div class=\"av-image-caption-overlay-center\"><p>Hotelbird-App<\/p>\n<\/div><\/div><\/div><img decoding=\"async\" fetchpriority=\"high\" class='wp-image-952 avia-img-lazy-loading-not-952 avia_image ' src=\"https:\/\/arena-friedberger-warte.com\/wp-content\/uploads\/Hotelbird-App-173x300.png\" alt='' title='Hotelbird-App'  height=\"300\" width=\"173\"  itemprop=\"thumbnailUrl\" srcset=\"https:\/\/arena-friedberger-warte.com\/wp-content\/uploads\/Hotelbird-App-173x300.png 173w, https:\/\/arena-friedberger-warte.com\/wp-content\/uploads\/Hotelbird-App-595x1030.png 595w, https:\/\/arena-friedberger-warte.com\/wp-content\/uploads\/Hotelbird-App-407x705.png 407w, https:\/\/arena-friedberger-warte.com\/wp-content\/uploads\/Hotelbird-App.png 750w\" sizes=\"(max-width: 173px) 100vw, 173px\" \/><\/div><\/div><\/div><\/div>\n<div  class='flex_column av-hd0wx-16d082d6e374c3c7a668e19ac23ea9e9 av_one_full  avia-builder-el-8  el_after_av_one_third  el_before_av_section  avia-builder-el-last  first flex_column_div  column-top-margin'     ><section  class='av_textblock_section av-l8mpc4b3-95e71905aed29bca545b3aedbc963b87 '   itemscope=\"itemscope\" itemtype=\"https:\/\/schema.org\/CreativeWork\" ><div class='avia_textblock'  itemprop=\"text\" ><h3>Check in rund um die Uhr!<\/h3>\n<h4>Nicht alles ist Planbar.<br \/>\nUnser Check-in-Automat und Hotelbird bieten unseren G\u00e4sten gr\u00f6sstm\u00f6gliche Flexibilit\u00e4t<\/h4>\n<p>Ob Gesch\u00e4ftsreisender oder Tourist \u2013 alle unsere G\u00e4ste freuen sich, am Check-in-Automat vor Ort oder \u00fcber den <a href=\"https:\/\/app.hotelbird.com\/hotel\/3500\" target=\"_blank\" rel=\"noopener\">Check-In-Service Hotelbird<\/a> online flexibel und unabh\u00e4ngig zu jeder Tages- und Nachtzeit einchecken zu k\u00f6nnen. Egal ob Sie zuvor \u00fcber ein Buchungsportal, unsere eigene Homepage oder telefonisch bzw. per E-Mail gebucht haben, der Automat sowie Hotelbird leiten Sie in wenigen Schritten durch den Self-Check-in. Selbstverst\u00e4ndlich k\u00f6nnen Sie bei vorhandener Kapazit\u00e4t auch ohne vorherige Reservierung am Automaten ein Zimmer buchen und direkt einchecken.<\/p>\n<p>Bei Nutzung der Hotelbird-App bekommen Sie ihren Schl\u00fcssel direkt auf ihr Mobiltelefon und k\u00f6nnen per Bluetooth das Hotel und ihr Zimmer betreten. Somit ist kein Check-in an der Rezeption notwendig.<\/p>\n<h3 class=\"uk-h1 uk-margin-large-top\">\u00d6ffnungszeiten<br class=\"uk-hidden-small\" \/>Hotel Arena an der Friedberger Warte in Frankfurt<\/h3>\n<p class=\"uk-column-medium-1-1 uk-contrast uk-margin-large-top uk-text-large\">Die Rezeption ist t\u00e4glich von 07:00 Uhr bis 23:00 Uhr besetzt.<\/p>\n<p class=\"uk-column-medium-1-1 uk-contrast uk-text-large\">Die Anreise ist ab 14:00 Uhr m\u00f6glich.<\/p>\n<p class=\"uk-column-medium-1-1 uk-contrast uk-text-large\">Die Abreise sollte bis sp\u00e4testens 12:00 Uhr erfolgen, eine sp\u00e4tere Abreise ist nach Absprache m\u00f6glich.<\/p>\n<\/div><\/section><\/div>\n<\/div><\/div><\/div><!-- close content main div --><\/div><\/div><div id='downlhotelbird'  class='avia-section av-pry09-a8adb68a1211812487a41e4e384c3391 main_color avia-section-default avia-no-shadow  avia-builder-el-10  el_after_av_one_full  el_before_av_one_full  avia-bg-style-scroll container_wrap fullsize'  ><div class='container av-section-cont-open' ><div class='template-page content  av-content-full alpha units'><div class='post-entry post-entry-type-page post-entry-243'><div class='entry-content-wrapper clearfix'>\n<div  class='flex_column av-ngycp-9ea067327bf479ec56e938e8a729dda5 av_one_full  avia-builder-el-11  el_before_av_one_half  avia-builder-el-first  first flex_column_div  '     ><section  class='av_textblock_section av-lty2tvjw-0e874972abf4206f07a98f5fa0e0c6e0 '   itemscope=\"itemscope\" itemtype=\"https:\/\/schema.org\/CreativeWork\" ><div class='avia_textblock'  itemprop=\"text\" ><h3>Laden Sie sich gleich die App f\u00fcr ihren kontaktlosen Check in herunter!<\/h3>\n<\/div><\/section><\/div><div  class='flex_column av-1o0mx-6ac0b6f7f399d519865265beaa5c0eeb av_one_half  avia-builder-el-13  el_after_av_one_full  el_before_av_one_half  first flex_column_div  column-top-margin'     ><section  class='av_textblock_section av-lty2yap8-3659fad1865d7cb74ecc3528af0654c3 '   itemscope=\"itemscope\" itemtype=\"https:\/\/schema.org\/CreativeWork\" ><div class='avia_textblock'  itemprop=\"text\" ><p><a href=\"https:\/\/apps.apple.com\/de\/app\/hotelbird\/id961421434\" target=\"_blank\" rel=\"noopener\"><img decoding=\"async\" class=\"image wp-image-22447 attachment-full size-full\" style=\"height: 100px\" src=\"https:\/\/arena-friedberger-warte.com\/wp-content\/uploads\/app-store-badge.svg\" alt=\"\" height=\"100\" \/><\/a><\/p>\n<\/div><\/section><\/div><div  class='flex_column av-7vp3t-b35446133935063cb0574ebcb28e12e8 av_one_half  avia-builder-el-15  el_after_av_one_half  avia-builder-el-last  flex_column_div  column-top-margin'     ><section  class='av_textblock_section av-lty2zvy7-7474f92037bdd1ecd816fe6a3ef8d974 '   itemscope=\"itemscope\" itemtype=\"https:\/\/schema.org\/CreativeWork\" ><div class='avia_textblock'  itemprop=\"text\" ><p><a href=\"https:\/\/play.google.com\/store\/apps\/details?id=com.hotelbird.hbapp&amp;hl=de\" target=\"_blank\" rel=\"noopener\"><img decoding=\"async\" class=\"image wp-image-22449 attachment-full size-full\" style=\"height: 100px\" src=\"https:\/\/arena-friedberger-warte.com\/wp-content\/uploads\/google-play-badge.svg\" alt=\"\" height=\"100\" \/><\/a><\/p>\n<\/div><\/section><\/div>\n<\/div><\/div><\/div><!-- close content main div --><\/div><\/div><div id='after_section_1'  class='main_color av_default_container_wrap container_wrap fullsize'  ><div class='container av-section-cont-open' ><div class='template-page content  av-content-full alpha units'><div class='post-entry post-entry-type-page post-entry-243'><div class='entry-content-wrapper clearfix'>\n<div  class='flex_column av-a2km1-e55065aeba311e60bed5f2d64dbfd600 av_one_full  avia-builder-el-17  el_after_av_section  avia-builder-el-no-sibling  first flex_column_div  '     ><section  class='av_textblock_section av-l8mpfl43-22f65ccbcc8e946eb10514bb8fb851a8 '   itemscope=\"itemscope\" itemtype=\"https:\/\/schema.org\/CreativeWork\" ><div class='avia_textblock'  itemprop=\"text\" ><h2>Check in<\/h2>\n<p>Sie bekommen 1 Tag vor Anreise eine E-Mail \u00fcber unseren <a href=\"https:\/\/app.hotelbird.com\/hotel\/3500\" target=\"_blank\" rel=\"noopener\">Check-In-Service Hotelbird<\/a>.<br \/>\nDies ist auch 1 Tag vor Anreise ohne Benachrichtigung <a href=\"https:\/\/app.hotelbird.com\/hotel\/3500\" target=\"_blank\" rel=\"noopener\">hier m\u00f6glich<\/a>.<\/p>\n<p>F\u00fcr einen Check-in in unserem Arena Hotel, f\u00fchren Sie bitte den Check-In \u00fcber die Hotelbird-App oder den Link in der E-Mail durch.<\/p>\n<p>Dadurch ist es uns m\u00f6glich vor ihrer Anreise dem <a href=\"https:\/\/www.gesetze-im-internet.de\/bmg\/__29.html\" target=\"_blank\" rel=\"noreferrer noopener\">Bundesmeldegesetz<\/a> gerecht zu werden und Ihnen den <a href=\"https:\/\/frankfurt.de\/service-und-rathaus\/verwaltung\/aemter-und-institutionen\/kassen--und-steueramt\/tourismusbeitrag\" target=\"_blank\" rel=\"noreferrer noopener\">Tourimusbeitrag<\/a> bei gesch\u00e4ftlichem Aufenthalt zu erlassen.<\/p>\n<p>F\u00fcr eine Anreise au\u00dferhalb unserer Rezeptionszeiten nutzen Sie bitte unseren Check-In-Automaten an der Geb\u00e4uder\u00fcckseite oder die Hotelbird-App. Dort k\u00f6nnen Sie bezahlen, bekommen ihre Zimmerkarte oder digitalen Schl\u00fcssel sowie einen Beleg \u00fcber die Zahlung mit Zimmernummer und WLAN-Zugang.<\/p>\n<p>Die Schl\u00fcsselkarte \u00f6ffnet die Haupteingangst\u00fcr\/Nachteingang und die jeweilige Zimmert\u00fcr \/ Einfahrtstor (falls Parkplatz gebucht).<br \/>\nIm Zimmer stecken Sie bitte die Karte in die vorgesehene Halterung um die elektrischen Einrichtungen einzuschalten. Sie k\u00f6nnen auch jede andere Karte mit gleicher Gr\u00f6\u00dfe nutzen.<\/p>\n<p>Bitte beachten Sie, dass f\u00fcr einen Check in ein Lichtbildausweis und eine Kreditkarte erforderlich sind.<\/p>\n<h3>Bitte beachten Sie, dass der Automat nur Kartenzahlung akzeptiert. (VISA, V-PAY, MAESTRO, GIROCARD, MASTERCARD, AMERICAN EXPRESS, JCB, UNION PAY, DINERS CLUB)<\/h3>\n<p>Sollten Sie bereits im Voraus bezahlt haben, ist dies im Check-in-Automaten sowie in der Hotelbird-App vermerkt und es bedarf keiner weiteren Zahlung.<br \/>\nZus\u00e4tzlich gebuchte Leistungen sowie den Tourismusbeitrag der Stadt Frankfurt k\u00f6nnen Sie bequem am Automat oder in der Hotelbird-App bezahlen.<\/p>\n<h2>Parken<\/h2>\n<p>Wenn Sie bereits einen Parkplatz reserviert haben und dieser von uns best\u00e4tigt wurde, bekommen Sie den Code f\u00fcr das Einfahrtstor noch vor Rezeptionsschluss mitgeteilt.<br \/>\nSollten Sie noch keinen Parkplatz gebucht haben, k\u00f6nnen Sie bei Verf\u00fcgbarkeit diesen am Check-In-Automaten \u00fcber die Taste \u201eIch habe keine Reservierung\u201c buchen.<br \/>\nDer Automat gibt dann eine Sch\u00fcsselkarte aus, welche das Einfahrtstor \u00f6ffnet.<\/p>\n<h2>Tourismusbeitrag der Stadt Frankfurt am Main<\/h2>\n<p>Seit 01.01.2018 wird von der Stadt Frankfurt ein Tourismusbeitrag in H\u00f6he von 2,00 Euro pro Person und Nacht erhoben.<br \/>\nAusgenommen hiervon sind nur Gesch\u00e4ftsreisende und Schulklassen.<br \/>\nIst der Aufenthalt beruflich erforderlich, ist diese Erkl\u00e4rung unter Angabe des Arbeitgebers oder der Arbeitgeberin und dessen\/deren Anschrift auf dem Meldeschein bei Check in abzugeben.<br \/>\nNur dann kann von einer Einziehung des Tourismusbeitrages abgesehen werden.<br \/>\n<a href=\"https:\/\/villa-am-wasserpark.com\/wp-content\/uploads\/Tourismusbeitrag-Merkblatt-Deutsch-ab-01.01.2018.pdf\" target=\"_blank\" rel=\"noreferrer noopener\">Tourismusbeitrag-Merkblatt-Deutsch-ab-01.01.2018.pdf<\/a><\/p>\n<p>Zum 01.10.2024 hat sich die Satzung zum Tourismusbeitrag ge\u00e4ndert.<br \/>\nBeruflich bedingte \u00dcbernachtungen sind nun auch betragspflichtig.<br \/>\n<a href=\"https:\/\/villa-am-wasserpark.com\/wp-content\/uploads\/Tourismusbeitrag-Merkblatt-Deutsch-ab-01.10.2024.pdf\" target=\"_blank\" rel=\"noreferrer noopener\">Tourismusbeitrag-Merkblatt-Deutsch-ab-01.10.2024.pdf<\/a><\/p>\n<h2>Check out<\/h2>\n<p>Zur Abreise au\u00dferhalb unserer Rezeptionszeiten werfen Sie bitte den Schl\u00fcssel einfach in den Briefkasten neben der Haupteingangst\u00fcr oder lassen ihn im Zimmer.<\/p>\n<p>Sollten Sie \u00fcber die Hotelbird-App eingecheckt haben, k\u00f6nnen Sie auch dar\u00fcber auschecken und sparen sich so einen Gang zur Rezeption.<\/p>\n<\/div><\/section><\/div>\n","protected":false},"excerpt":{"rendered":"","protected":false},"author":1,"featured_media":0,"parent":0,"menu_order":0,"comment_status":"closed","ping_status":"closed","template":"","meta":{"footnotes":""},"class_list":["post-243","page","type-page","status-publish","hentry"],"yoast_head":"<!-- This site is optimized with the Yoast SEO plugin v26.2 - https:\/\/yoast.com\/wordpress\/plugins\/seo\/ -->\n<title>Check in\/out - Hotel Arena an der Friedberger Warte in Frankfurt<\/title>\n<meta name=\"robots\" content=\"index, follow, max-snippet:-1, max-image-preview:large, max-video-preview:-1\" \/>\n<link rel=\"canonical\" href=\"https:\/\/arena-friedberger-warte.com\/en\/check-in-out\/\" \/>\n<meta property=\"og:locale\" content=\"en_US\" \/>\n<meta property=\"og:type\" content=\"article\" \/>\n<meta property=\"og:title\" content=\"Check in\/out - Hotel Arena an der Friedberger Warte in Frankfurt\" \/>\n<meta property=\"og:url\" content=\"https:\/\/arena-friedberger-warte.com\/en\/check-in-out\/\" \/>\n<meta property=\"og:site_name\" content=\"Hotel Arena an der Friedberger Warte in Frankfurt\" \/>\n<meta property=\"article:modified_time\" content=\"2026-04-18T05:36:55+00:00\" \/>\n<meta property=\"og:image\" content=\"https:\/\/arena-friedberger-warte.com\/wp-content\/uploads\/app-store-badge.svg\" \/>\n<meta name=\"twitter:card\" content=\"summary_large_image\" \/>\n<meta name=\"twitter:label1\" content=\"Est. reading time\" \/>\n\t<meta name=\"twitter:data1\" content=\"29 minutes\" \/>\n<script type=\"application\/ld+json\" class=\"yoast-schema-graph\">{\"@context\":\"https:\/\/schema.org\",\"@graph\":[{\"@type\":\"WebPage\",\"@id\":\"https:\/\/arena-friedberger-warte.com\/en\/check-in-out\/\",\"url\":\"https:\/\/arena-friedberger-warte.com\/en\/check-in-out\/\",\"name\":\"Check in\/out - Hotel Arena an der Friedberger Warte in Frankfurt\",\"isPartOf\":{\"@id\":\"https:\/\/arena-friedberger-warte.com\/en\/#website\"},\"primaryImageOfPage\":{\"@id\":\"https:\/\/arena-friedberger-warte.com\/en\/check-in-out\/#primaryimage\"},\"image\":{\"@id\":\"https:\/\/arena-friedberger-warte.com\/en\/check-in-out\/#primaryimage\"},\"thumbnailUrl\":\"https:\/\/arena-friedberger-warte.com\/wp-content\/uploads\/app-store-badge.svg\",\"datePublished\":\"2022-09-29T06:58:03+00:00\",\"dateModified\":\"2026-04-18T05:36:55+00:00\",\"breadcrumb\":{\"@id\":\"https:\/\/arena-friedberger-warte.com\/en\/check-in-out\/#breadcrumb\"},\"inLanguage\":\"en-US\",\"potentialAction\":[{\"@type\":\"ReadAction\",\"target\":[\"https:\/\/arena-friedberger-warte.com\/en\/check-in-out\/\"]}]},{\"@type\":\"ImageObject\",\"inLanguage\":\"en-US\",\"@id\":\"https:\/\/arena-friedberger-warte.com\/en\/check-in-out\/#primaryimage\",\"url\":\"https:\/\/arena-friedberger-warte.com\/wp-content\/uploads\/app-store-badge.svg\",\"contentUrl\":\"https:\/\/arena-friedberger-warte.com\/wp-content\/uploads\/app-store-badge.svg\"},{\"@type\":\"BreadcrumbList\",\"@id\":\"https:\/\/arena-friedberger-warte.com\/en\/check-in-out\/#breadcrumb\",\"itemListElement\":[{\"@type\":\"ListItem\",\"position\":1,\"name\":\"Startseite\",\"item\":\"https:\/\/arena-friedberger-warte.com\/en\/\"},{\"@type\":\"ListItem\",\"position\":2,\"name\":\"Check in\/out\"}]},{\"@type\":\"WebSite\",\"@id\":\"https:\/\/arena-friedberger-warte.com\/en\/#website\",\"url\":\"https:\/\/arena-friedberger-warte.com\/en\/\",\"name\":\"Hotel Arena an der Friedberger Warte in Frankfurt\",\"description\":\"Moderne Stadthotels mit internationaler Atmosp\u00e4re in finanzieller Metropole Europas\",\"publisher\":{\"@id\":\"https:\/\/arena-friedberger-warte.com\/en\/#organization\"},\"potentialAction\":[{\"@type\":\"SearchAction\",\"target\":{\"@type\":\"EntryPoint\",\"urlTemplate\":\"https:\/\/arena-friedberger-warte.com\/en\/?s={search_term_string}\"},\"query-input\":{\"@type\":\"PropertyValueSpecification\",\"valueRequired\":true,\"valueName\":\"search_term_string\"}}],\"inLanguage\":\"en-US\"},{\"@type\":\"Organization\",\"@id\":\"https:\/\/arena-friedberger-warte.com\/en\/#organization\",\"name\":\"Hotel Arena an der Friedberger Warte in Frankfurt\",\"url\":\"https:\/\/arena-friedberger-warte.com\/en\/\",\"logo\":{\"@type\":\"ImageObject\",\"inLanguage\":\"en-US\",\"@id\":\"https:\/\/arena-friedberger-warte.com\/en\/#\/schema\/logo\/image\/\",\"url\":\"https:\/\/arena-friedberger-warte.com\/wp-content\/uploads\/arena_logo_black.svg\",\"contentUrl\":\"https:\/\/arena-friedberger-warte.com\/wp-content\/uploads\/arena_logo_black.svg\",\"width\":1,\"height\":1,\"caption\":\"Hotel Arena an der Friedberger Warte in Frankfurt\"},\"image\":{\"@id\":\"https:\/\/arena-friedberger-warte.com\/en\/#\/schema\/logo\/image\/\"}}]}<\/script>\n<!-- \/ Yoast SEO plugin. -->","yoast_head_json":{"title":"Check in\/out - Hotel Arena an der Friedberger Warte in Frankfurt","robots":{"index":"index","follow":"follow","max-snippet":"max-snippet:-1","max-image-preview":"max-image-preview:large","max-video-preview":"max-video-preview:-1"},"canonical":"https:\/\/arena-friedberger-warte.com\/en\/check-in-out\/","og_locale":"en_US","og_type":"article","og_title":"Check in\/out - Hotel Arena an der Friedberger Warte in Frankfurt","og_url":"https:\/\/arena-friedberger-warte.com\/en\/check-in-out\/","og_site_name":"Hotel Arena an der Friedberger Warte in Frankfurt","article_modified_time":"2026-04-18T05:36:55+00:00","og_image":[{"url":"https:\/\/arena-friedberger-warte.com\/wp-content\/uploads\/app-store-badge.svg","type":"","width":"","height":""}],"twitter_card":"summary_large_image","twitter_misc":{"Est. reading time":"29 minutes"},"schema":{"@context":"https:\/\/schema.org","@graph":[{"@type":"WebPage","@id":"https:\/\/arena-friedberger-warte.com\/en\/check-in-out\/","url":"https:\/\/arena-friedberger-warte.com\/en\/check-in-out\/","name":"Check in\/out - Hotel Arena an der Friedberger Warte in Frankfurt","isPartOf":{"@id":"https:\/\/arena-friedberger-warte.com\/en\/#website"},"primaryImageOfPage":{"@id":"https:\/\/arena-friedberger-warte.com\/en\/check-in-out\/#primaryimage"},"image":{"@id":"https:\/\/arena-friedberger-warte.com\/en\/check-in-out\/#primaryimage"},"thumbnailUrl":"https:\/\/arena-friedberger-warte.com\/wp-content\/uploads\/app-store-badge.svg","datePublished":"2022-09-29T06:58:03+00:00","dateModified":"2026-04-18T05:36:55+00:00","breadcrumb":{"@id":"https:\/\/arena-friedberger-warte.com\/en\/check-in-out\/#breadcrumb"},"inLanguage":"en-US","potentialAction":[{"@type":"ReadAction","target":["https:\/\/arena-friedberger-warte.com\/en\/check-in-out\/"]}]},{"@type":"ImageObject","inLanguage":"en-US","@id":"https:\/\/arena-friedberger-warte.com\/en\/check-in-out\/#primaryimage","url":"https:\/\/arena-friedberger-warte.com\/wp-content\/uploads\/app-store-badge.svg","contentUrl":"https:\/\/arena-friedberger-warte.com\/wp-content\/uploads\/app-store-badge.svg"},{"@type":"BreadcrumbList","@id":"https:\/\/arena-friedberger-warte.com\/en\/check-in-out\/#breadcrumb","itemListElement":[{"@type":"ListItem","position":1,"name":"Startseite","item":"https:\/\/arena-friedberger-warte.com\/en\/"},{"@type":"ListItem","position":2,"name":"Check in\/out"}]},{"@type":"WebSite","@id":"https:\/\/arena-friedberger-warte.com\/en\/#website","url":"https:\/\/arena-friedberger-warte.com\/en\/","name":"Hotel Arena an der Friedberger Warte in Frankfurt","description":"Moderne Stadthotels mit internationaler Atmosp\u00e4re in finanzieller Metropole Europas","publisher":{"@id":"https:\/\/arena-friedberger-warte.com\/en\/#organization"},"potentialAction":[{"@type":"SearchAction","target":{"@type":"EntryPoint","urlTemplate":"https:\/\/arena-friedberger-warte.com\/en\/?s={search_term_string}"},"query-input":{"@type":"PropertyValueSpecification","valueRequired":true,"valueName":"search_term_string"}}],"inLanguage":"en-US"},{"@type":"Organization","@id":"https:\/\/arena-friedberger-warte.com\/en\/#organization","name":"Hotel Arena an der Friedberger Warte in Frankfurt","url":"https:\/\/arena-friedberger-warte.com\/en\/","logo":{"@type":"ImageObject","inLanguage":"en-US","@id":"https:\/\/arena-friedberger-warte.com\/en\/#\/schema\/logo\/image\/","url":"https:\/\/arena-friedberger-warte.com\/wp-content\/uploads\/arena_logo_black.svg","contentUrl":"https:\/\/arena-friedberger-warte.com\/wp-content\/uploads\/arena_logo_black.svg","width":1,"height":1,"caption":"Hotel Arena an der Friedberger Warte in Frankfurt"},"image":{"@id":"https:\/\/arena-friedberger-warte.com\/en\/#\/schema\/logo\/image\/"}}]}},"_links":{"self":[{"href":"https:\/\/arena-friedberger-warte.com\/en\/wp-json\/wp\/v2\/pages\/243","targetHints":{"allow":["GET"]}}],"collection":[{"href":"https:\/\/arena-friedberger-warte.com\/en\/wp-json\/wp\/v2\/pages"}],"about":[{"href":"https:\/\/arena-friedberger-warte.com\/en\/wp-json\/wp\/v2\/types\/page"}],"author":[{"embeddable":true,"href":"https:\/\/arena-friedberger-warte.com\/en\/wp-json\/wp\/v2\/users\/1"}],"replies":[{"embeddable":true,"href":"https:\/\/arena-friedberger-warte.com\/en\/wp-json\/wp\/v2\/comments?post=243"}],"version-history":[{"count":110,"href":"https:\/\/arena-friedberger-warte.com\/en\/wp-json\/wp\/v2\/pages\/243\/revisions"}],"predecessor-version":[{"id":2479,"href":"https:\/\/arena-friedberger-warte.com\/en\/wp-json\/wp\/v2\/pages\/243\/revisions\/2479"}],"wp:attachment":[{"href":"https:\/\/arena-friedberger-warte.com\/en\/wp-json\/wp\/v2\/media?parent=243"}],"curies":[{"name":"wp","href":"https:\/\/api.w.org\/{rel}","templated":true}]}}