{"id":276,"date":"2022-09-28T12:43:16","date_gmt":"2022-09-28T10:43:16","guid":{"rendered":"https:\/\/arena-friedberger-warte.com\/\/contact\/"},"modified":"2026-04-29T13:15:07","modified_gmt":"2026-04-29T11:15:07","slug":"contact","status":"publish","type":"page","link":"https:\/\/arena-friedberger-warte.com\/en\/contact\/","title":{"rendered":"Contact"},"content":{"rendered":"\n<style type=\"text\/css\" data-created_by=\"avia_inline_auto\" id=\"style-css-av-5nf4t-c2045159a854947f724fe9a6bbf8f9d6\">\n.avia-section.av-5nf4t-c2045159a854947f724fe9a6bbf8f9d6{\nbackground-color:#303747;\nbackground-image:unset;\n}\n<\/style>\n<div id='av_section_1'  class='avia-section av-5nf4t-c2045159a854947f724fe9a6bbf8f9d6 main_color avia-section-default avia-no-border-styling  avia-builder-el-0  el_before_av_section  avia-builder-el-first  avia-bg-style-scroll container_wrap fullsize'  ><div class='container av-section-cont-open' ><main  role=\"main\" itemprop=\"mainContentOfPage\"  class='template-page content  av-content-full alpha units'><div class='post-entry post-entry-type-page post-entry-276'><div class='entry-content-wrapper clearfix'>\n<div  class='flex_column av-57idd-8cef6cf68aa0caa49557c12a4a214e1b av_one_third  avia-builder-el-1  el_before_av_one_third  avia-builder-el-first  first flex_column_div  '     ><style type=\"text\/css\" data-created_by=\"avia_inline_auto\" id=\"style-css-av-l8lhzd2y-4d9dd3f84f361f17fbc87e4a5cf294f6\">\n#top .avia-icon-list-container.av-l8lhzd2y-4d9dd3f84f361f17fbc87e4a5cf294f6 .iconlist_icon{\nbackground-color:#303747;\n}\n.avia-icon-list-container.av-l8lhzd2y-4d9dd3f84f361f17fbc87e4a5cf294f6 .iconlist_content{\ncolor:#ffffff;\n}\n<\/style>\n<div  class='avia-icon-list-container av-l8lhzd2y-4d9dd3f84f361f17fbc87e4a5cf294f6  avia-builder-el-2  avia-builder-el-no-sibling '><ul class='avia-icon-list avia_animate_when_almost_visible avia-icon-list-left av-iconlist-big av-l8lhzd2y-4d9dd3f84f361f17fbc87e4a5cf294f6 avia-iconlist-animate'>\n<li><div class='iconlist_icon av-l8lhz8nh-2cb156e484079c5f91bdf6688afbf4d3 avia-font-entypo-fontello avia-iconfont avia-font-entypo-fontello'><span class='av-icon-char' data-av_icon='\ue821' data-av_iconfont='entypo-fontello' aria-hidden=\"true\"><\/span><\/div><article class=\"article-icon-entry \"  itemscope=\"itemscope\" itemtype=\"https:\/\/schema.org\/CreativeWork\" ><div class=\"iconlist_content_wrap\"><header class=\"entry-content-header\" aria-label=\"Icon: \"><\/header><div class='iconlist_content av_inherit_color'  itemprop=\"text\" ><p>Hotel Arena an der Friedberger Warte<br \/>\nFriedberger Landstrasse 285<br \/>\n60389 Frankfurt am Main<\/p>\n<\/div><\/div><footer class=\"entry-footer\"><\/footer><\/article><div class=\"iconlist-timeline\"><\/div><\/li>\n<\/ul><\/div><\/div><div  class='flex_column av-3nvd1-5f004f8dfe10ed5d785ef5eb8b519aea av_one_third  avia-builder-el-3  el_after_av_one_third  el_before_av_one_third  flex_column_div  '     ><style type=\"text\/css\" data-created_by=\"avia_inline_auto\" id=\"style-css-av-l8li0xtr-27ebda1a8f853f3b1e53d93f11b9263a\">\n#top .avia-icon-list-container.av-l8li0xtr-27ebda1a8f853f3b1e53d93f11b9263a .iconlist_icon{\nbackground-color:#303747;\n}\n.avia-icon-list-container.av-l8li0xtr-27ebda1a8f853f3b1e53d93f11b9263a .iconlist_content{\ncolor:#ffffff;\n}\n<\/style>\n<div  class='avia-icon-list-container av-l8li0xtr-27ebda1a8f853f3b1e53d93f11b9263a  avia-builder-el-4  avia-builder-el-no-sibling '><ul class='avia-icon-list avia_animate_when_almost_visible avia-icon-list-left av-iconlist-big av-l8li0xtr-27ebda1a8f853f3b1e53d93f11b9263a avia-iconlist-animate'>\n<li><div class='iconlist_icon av-l8li0wkt-02217f21fdc9ed636edd20a165e0e48d avia-font-entypo-fontello avia-iconfont avia-font-entypo-fontello'><span class='av-icon-char' data-av_icon='\ue854' data-av_iconfont='entypo-fontello' aria-hidden=\"true\"><\/span><\/div><article class=\"article-icon-entry \"  itemscope=\"itemscope\" itemtype=\"https:\/\/schema.org\/CreativeWork\" ><div class=\"iconlist_content_wrap\"><header class=\"entry-content-header\" aria-label=\"Icon: \"><\/header><div class='iconlist_content av_inherit_color'  itemprop=\"text\" ><p><a href=\"tel:0049694609025215\">+49 69 46090252-15<\/a><\/p>\n<\/div><\/div><footer class=\"entry-footer\"><\/footer><\/article><div class=\"iconlist-timeline\"><\/div><\/li>\n<li><div class='iconlist_icon av-l8li0wkt-1-74aa999e942a418fe67a95f9ccd8e6b6 avia-font-entypo-fontello avia-iconfont avia-font-entypo-fontello'><span class='av-icon-char' data-av_icon='\ue838' data-av_iconfont='entypo-fontello' aria-hidden=\"true\"><\/span><\/div><article class=\"article-icon-entry \"  itemscope=\"itemscope\" itemtype=\"https:\/\/schema.org\/CreativeWork\" ><div class=\"iconlist_content_wrap\"><header class=\"entry-content-header\" aria-label=\"Icon: \"><\/header><div class='iconlist_content av_inherit_color'  itemprop=\"text\" ><p>+49 69 46090252-29<\/p>\n<\/div><\/div><footer class=\"entry-footer\"><\/footer><\/article><div class=\"iconlist-timeline\"><\/div><\/li>\n<li><div class='iconlist_icon av-l96ypyr0-a5646067d0cac7925441641e0a9b26eb avia-font-entypo-fontello avia-iconfont avia-font-entypo-fontello'><span class='av-icon-char' data-av_icon='\ue8b1' data-av_iconfont='entypo-fontello' aria-hidden=\"true\"><\/span><\/div><article class=\"article-icon-entry \"  itemscope=\"itemscope\" itemtype=\"https:\/\/schema.org\/CreativeWork\" ><div class=\"iconlist_content_wrap\"><header class=\"entry-content-header\" aria-label=\"Icon: \"><\/header><div class='iconlist_content av_inherit_color'  itemprop=\"text\" ><p><a href=\"#\">https:\/\/afw.hotel-arena-frankfurt.com<\/a><\/p>\n<\/div><\/div><footer class=\"entry-footer\"><\/footer><\/article><div class=\"iconlist-timeline\"><\/div><\/li>\n<li><div class='iconlist_icon av-leqzyb4c-187cf330ba23df5fa5f542da83a88b4f avia-font-entypo-fontello avia-iconfont avia-font-entypo-fontello'><span class='av-icon-char' data-av_icon='\ue82d' data-av_iconfont='entypo-fontello' aria-hidden=\"true\"><\/span><\/div><article class=\"article-icon-entry \"  itemscope=\"itemscope\" itemtype=\"https:\/\/schema.org\/CreativeWork\" ><div class=\"iconlist_content_wrap\"><header class=\"entry-content-header\" aria-label=\"Icon: \"><\/header><div class='iconlist_content av_inherit_color'  itemprop=\"text\" ><p><a href=\"https:\/\/arena-friedberger-warte.com\/wp-content\/uploads\/Arena an der Friedberger Warte.vcf\">Download contakt as a vcf file<\/a><\/p>\n<\/div><\/div><footer class=\"entry-footer\"><\/footer><\/article><div class=\"iconlist-timeline\"><\/div><\/li>\n<\/ul><\/div><\/div><div  class='flex_column av-16n0l-ca0f0fc7c16c6c28f0189f2f664bd615 av_one_third  avia-builder-el-5  el_after_av_one_third  avia-builder-el-last  flex_column_div  '     ><style type=\"text\/css\" data-created_by=\"avia_inline_auto\" id=\"style-css-av-l8liwasq-f299b8326c283da7959c4563b6edeefa\">\n#top .avia-icon-list-container.av-l8liwasq-f299b8326c283da7959c4563b6edeefa .iconlist_icon{\nbackground-color:#303747;\n}\n.avia-icon-list-container.av-l8liwasq-f299b8326c283da7959c4563b6edeefa .iconlist_content{\ncolor:#ffffff;\n}\n<\/style>\n<div  class='avia-icon-list-container av-l8liwasq-f299b8326c283da7959c4563b6edeefa  avia-builder-el-6  avia-builder-el-no-sibling '><ul class='avia-icon-list avia_animate_when_almost_visible avia-icon-list-left av-iconlist-big av-l8liwasq-f299b8326c283da7959c4563b6edeefa avia-iconlist-animate'>\n<li><div class='iconlist_icon av-l8liw9ps-270c744047ed9ba624d74ddbbd1e2a11 avia-font-entypo-fontello avia-iconfont avia-font-entypo-fontello'><span class='av-icon-char' data-av_icon='\ue8ac' data-av_iconfont='entypo-fontello' aria-hidden=\"true\"><\/span><\/div><article class=\"article-icon-entry \"  itemscope=\"itemscope\" itemtype=\"https:\/\/schema.org\/CreativeWork\" ><div class=\"iconlist_content_wrap\"><header class=\"entry-content-header\" aria-label=\"Icon: \"><\/header><div class='iconlist_content av_inherit_color'  itemprop=\"text\" ><p><img loading=\"lazy\" decoding=\"async\" class=\"alignnone size-full wp-image-627\" title=\"Scan with your smartphone's camera to view our contact.\" src=\"https:\/\/arena-friedberger-warte.com\/wp-content\/uploads\/QR-Kontakt-AFW.png\" alt=\"qr-code kontakt\" width=\"150\" height=\"150\" srcset=\"https:\/\/arena-friedberger-warte.com\/wp-content\/uploads\/QR-Kontakt-AFW.png 276w, https:\/\/arena-friedberger-warte.com\/wp-content\/uploads\/QR-Kontakt-AFW-80x80.png 80w, https:\/\/arena-friedberger-warte.com\/wp-content\/uploads\/QR-Kontakt-AFW-36x36.png 36w, https:\/\/arena-friedberger-warte.com\/wp-content\/uploads\/QR-Kontakt-AFW-180x180.png 180w\" sizes=\"auto, (max-width: 150px) 100vw, 150px\" \/><br \/>\nScan with your smartphone&#8217;s camera to view our contact.<\/p>\n<\/div><\/div><footer class=\"entry-footer\"><\/footer><\/article><div class=\"iconlist-timeline\"><\/div><\/li>\n<li><div class='iconlist_icon av-l8liw9ps-270c744047ed9ba624d74ddbbd1e2a11 avia-font-entypo-fontello avia-iconfont avia-font-entypo-fontello'><span class='av-icon-char' data-av_icon='\ue8ac' data-av_iconfont='entypo-fontello' aria-hidden=\"true\"><\/span><\/div><article class=\"article-icon-entry \"  itemscope=\"itemscope\" itemtype=\"https:\/\/schema.org\/CreativeWork\" ><div class=\"iconlist_content_wrap\"><header class=\"entry-content-header\" aria-label=\"Icon: \"><\/header><div class='iconlist_content av_inherit_color'  itemprop=\"text\" ><p><a href=\"https:\/\/wa.me\/+4969460902520\" target=\"_blank\" rel=\"noopener\"><img loading=\"lazy\" decoding=\"async\" class=\"alignnone size-full wp-image-1324\" src=\"https:\/\/arena-friedberger-warte.com\/wp-content\/uploads\/QR-WEB_https___wa.me_4969460902520_2025.03.31_11.08.02.png\" alt=\"WhatsApp QR-Code\" width=\"150\" height=\"150\" \/><\/a><br \/>\nScan with your smartphone&#8217;s camera to send a WhatsApp message.<\/p>\n<\/div><\/div><footer class=\"entry-footer\"><\/footer><\/article><div class=\"iconlist-timeline\"><\/div><\/li>\n<\/ul><\/div><\/div><\/div><\/div><\/main><!-- close content main element --><\/div><\/div>\n<style type=\"text\/css\" data-created_by=\"avia_inline_auto\" id=\"style-css-av-35wu1-68336bb190b938db2ea070569b6c9e01\">\n.avia-section.av-35wu1-68336bb190b938db2ea070569b6c9e01{\nbackground-color:#666f83;\nbackground-image:unset;\n}\n<\/style>\n<div id='av_section_2'  class='avia-section av-35wu1-68336bb190b938db2ea070569b6c9e01 main_color avia-section-default avia-no-border-styling  avia-builder-el-7  el_after_av_section  el_before_av_textblock  avia-bg-style-scroll container_wrap fullsize'  ><div class='container av-section-cont-open' ><div class='template-page content  av-content-full alpha units'><div class='post-entry post-entry-type-page post-entry-276'><div class='entry-content-wrapper clearfix'>\n<form action=\"https:\/\/arena-friedberger-warte.com\/en\/contact\/\" method=\"post\" data-fields-with-error=\"Found errors in the following field(s):\" class=\"avia_ajax_form av-form-labels-hidden   avia-builder-el-8  avia-builder-el-no-sibling  av-custom-form-color av-light-form \" data-avia-form-id=\"1\" data-avia-redirect='' ><h2 class=''>Contact form<\/h2><fieldset><p class='  first_form  form_element form_fullwidth' id='element_avia_1_1'><label for=\"avia_1_1\">Name <abbr class=\"required\" title=\"required\">*<\/abbr><\/label> <input name=\"avia_1_1\" class=\"text_input is_empty\" type=\"text\" id=\"avia_1_1\" value=\"\"  placeholder='Name*'\/><\/p><p class='  first_form  form_element form_fullwidth' id='element_avia_2_1'><label for=\"avia_2_1\">E-Mail <abbr class=\"required\" title=\"required\">*<\/abbr><\/label> <input name=\"avia_2_1\" class=\"text_input is_email\" type=\"text\" id=\"avia_2_1\" value=\"\"  placeholder='E-Mail*'\/><\/p><p class='  first_form  form_element form_fullwidth' id='element_avia_3_1'><label for=\"avia_3_1\">Subject <abbr class=\"required\" title=\"required\">*<\/abbr><\/label> <input name=\"avia_3_1\" class=\"text_input is_empty\" type=\"text\" id=\"avia_3_1\" value=\"\"  placeholder='Subject*'\/><\/p><p class='  first_form  form_element form_fullwidth' id='element_avia_4_1'><label for=\"avia_4_1\" class=\"textare_label hidden textare_label_avia_4_1\">Message <abbr class=\"required\" title=\"required\">*<\/abbr><\/label><textarea  placeholder='Message*' name=\"avia_4_1\" class=\"text_area is_empty\" cols=\"40\" rows=\"7\" id=\"avia_4_1\" ><\/textarea><\/p><p class='  first_form  form_element form_fullwidth' id='element_avia_5_1'><input  name=\"avia_5_1\" class=\"input_checkbox is_empty\" type=\"checkbox\" id=\"avia_5_1\" value=\"true\"\/><label class=\"input_checkbox_label\" for=\"avia_5_1\">I have read and accept the <a href=\"https:\/\/arena-friedberger-warte.com\/datenschutzerklaerung\/\" target=\"_blank\" rel=\"noopener noreferrer\">Privacy Policy<\/a>. I consent to the storage and use of my personal data and preferences, and, if applicable, their transfer to the third-party provider of the online booking system within the scope of the agreed service. <abbr class=\"required\" title=\"required\">*<\/abbr><\/label><\/p><p class=\"hidden\"><input type=\"text\" name=\"avia_6_1\" class=\"hidden \" id=\"avia_6_1\" value=\"\" \/><\/p><div id='avia_7_1' class='av-recaptcha-area  first_form  form_element form_fullwidth '  data-container_class=\"\" data-custom_class=\"\" data-context=\"av_contact_form\" data-token_input=\"av_recaptcha_token\" data-version=\"avia_recaptcha_v3\" data-theme=\"light\" data-size=\"normal\" data-score=\"0.5\" data-text_to_preview=\"\" data-value=\"\"><div class=\"av-google-badge-message hidden\">This site is protected by reCAPTCHA and the Google <a href=\"https:\/\/policies.google.com\/privacy\">Privacy Policy<\/a> and <a href=\"https:\/\/policies.google.com\/terms\">Terms of Service<\/a> apply.<\/div><\/div><p class=\"form_element \"><input type=\"hidden\" value=\"1\" name=\"avia_generated_form1\" \/><input type=\"submit\" value=\"Send\" class=\"button\"  data-sending-label=\"Sending\"\/><\/p><\/fieldset><div class=\"avia-disabled-form\">This contact form is deactivated because you refused to accept Google reCaptcha service which is necessary to validate any messages sent by the form.<\/div><\/form><div id=\"ajaxresponse_1\" class=\"ajaxresponse ajaxresponse_1 hidden\"><\/div>\n<\/div><\/div><\/div><!-- close content main div --><\/div><\/div><div id='after_section_2'  class='main_color av_default_container_wrap container_wrap fullsize'  ><div class='container av-section-cont-open' ><div class='template-page content  av-content-full alpha units'><div class='post-entry post-entry-type-page post-entry-276'><div class='entry-content-wrapper clearfix'>\n<style type=\"text\/css\" data-created_by=\"avia_inline_auto\" id=\"style-css-av-l96ym8r1-a52f7f218f142afb235834f803cc338f\">\n#top .av_textblock_section.av-l96ym8r1-a52f7f218f142afb235834f803cc338f .avia_textblock{\ncolor:#ffffff;\n}\n<\/style>\n<section  class='av_textblock_section av-l96ym8r1-a52f7f218f142afb235834f803cc338f '   itemscope=\"itemscope\" itemtype=\"https:\/\/schema.org\/CreativeWork\" ><div class='avia_textblock av_inherit_color'  itemprop=\"text\" ><p>Die Cookie-Einstellungen k\u00f6nnen \u00fcber den Schloss-Button unten links auf ihrem Bildschirm ge\u00e4ndert werden.<\/p>\n<\/div><\/section><\/p>\n","protected":false},"excerpt":{"rendered":"","protected":false},"author":1,"featured_media":0,"parent":0,"menu_order":0,"comment_status":"closed","ping_status":"closed","template":"","meta":{"footnotes":""},"class_list":["post-276","page","type-page","status-publish","hentry"],"yoast_head":"<!-- This site is optimized with the Yoast SEO plugin v26.2 - https:\/\/yoast.com\/wordpress\/plugins\/seo\/ -->\n<title>Contact - Hotel Arena an der Friedberger Warte in Frankfurt<\/title>\n<meta name=\"robots\" content=\"index, follow, max-snippet:-1, max-image-preview:large, max-video-preview:-1\" \/>\n<link rel=\"canonical\" href=\"https:\/\/arena-friedberger-warte.com\/en\/contact\/\" \/>\n<meta property=\"og:locale\" content=\"en_US\" \/>\n<meta property=\"og:type\" content=\"article\" \/>\n<meta property=\"og:title\" content=\"Contact - Hotel Arena an der Friedberger Warte in Frankfurt\" \/>\n<meta property=\"og:url\" content=\"https:\/\/arena-friedberger-warte.com\/en\/contact\/\" \/>\n<meta property=\"og:site_name\" content=\"Hotel Arena an der Friedberger Warte in Frankfurt\" \/>\n<meta property=\"article:modified_time\" content=\"2026-04-29T11:15:07+00:00\" \/>\n<meta property=\"og:image\" content=\"https:\/\/arena-friedberger-warte.com\/wp-content\/uploads\/QR-Kontakt-AFW.png\" \/>\n\t<meta property=\"og:image:width\" content=\"276\" \/>\n\t<meta property=\"og:image:height\" content=\"276\" \/>\n\t<meta property=\"og:image:type\" content=\"image\/png\" \/>\n<meta name=\"twitter:card\" content=\"summary_large_image\" \/>\n<meta name=\"twitter:label1\" content=\"Est. reading time\" \/>\n\t<meta name=\"twitter:data1\" content=\"2 minutes\" \/>\n<script type=\"application\/ld+json\" class=\"yoast-schema-graph\">{\"@context\":\"https:\/\/schema.org\",\"@graph\":[{\"@type\":\"WebPage\",\"@id\":\"https:\/\/arena-friedberger-warte.com\/en\/contact\/\",\"url\":\"https:\/\/arena-friedberger-warte.com\/en\/contact\/\",\"name\":\"Contact - Hotel Arena an der Friedberger Warte in Frankfurt\",\"isPartOf\":{\"@id\":\"https:\/\/arena-friedberger-warte.com\/en\/#website\"},\"primaryImageOfPage\":{\"@id\":\"https:\/\/arena-friedberger-warte.com\/en\/contact\/#primaryimage\"},\"image\":{\"@id\":\"https:\/\/arena-friedberger-warte.com\/en\/contact\/#primaryimage\"},\"thumbnailUrl\":\"https:\/\/arena-friedberger-warte.com\/wp-content\/uploads\/QR-Kontakt-AFW.png\",\"datePublished\":\"2022-09-28T10:43:16+00:00\",\"dateModified\":\"2026-04-29T11:15:07+00:00\",\"breadcrumb\":{\"@id\":\"https:\/\/arena-friedberger-warte.com\/en\/contact\/#breadcrumb\"},\"inLanguage\":\"en-US\",\"potentialAction\":[{\"@type\":\"ReadAction\",\"target\":[\"https:\/\/arena-friedberger-warte.com\/en\/contact\/\"]}]},{\"@type\":\"ImageObject\",\"inLanguage\":\"en-US\",\"@id\":\"https:\/\/arena-friedberger-warte.com\/en\/contact\/#primaryimage\",\"url\":\"https:\/\/arena-friedberger-warte.com\/wp-content\/uploads\/QR-Kontakt-AFW.png\",\"contentUrl\":\"https:\/\/arena-friedberger-warte.com\/wp-content\/uploads\/QR-Kontakt-AFW.png\"},{\"@type\":\"BreadcrumbList\",\"@id\":\"https:\/\/arena-friedberger-warte.com\/en\/contact\/#breadcrumb\",\"itemListElement\":[{\"@type\":\"ListItem\",\"position\":1,\"name\":\"Startseite\",\"item\":\"https:\/\/arena-friedberger-warte.com\/en\/\"},{\"@type\":\"ListItem\",\"position\":2,\"name\":\"Contact\"}]},{\"@type\":\"WebSite\",\"@id\":\"https:\/\/arena-friedberger-warte.com\/en\/#website\",\"url\":\"https:\/\/arena-friedberger-warte.com\/en\/\",\"name\":\"Hotel Arena an der Friedberger Warte in Frankfurt\",\"description\":\"Moderne Stadthotels mit internationaler Atmosp\u00e4re in finanzieller Metropole Europas\",\"publisher\":{\"@id\":\"https:\/\/arena-friedberger-warte.com\/en\/#organization\"},\"potentialAction\":[{\"@type\":\"SearchAction\",\"target\":{\"@type\":\"EntryPoint\",\"urlTemplate\":\"https:\/\/arena-friedberger-warte.com\/en\/?s={search_term_string}\"},\"query-input\":{\"@type\":\"PropertyValueSpecification\",\"valueRequired\":true,\"valueName\":\"search_term_string\"}}],\"inLanguage\":\"en-US\"},{\"@type\":\"Organization\",\"@id\":\"https:\/\/arena-friedberger-warte.com\/en\/#organization\",\"name\":\"Hotel Arena an der Friedberger Warte in Frankfurt\",\"url\":\"https:\/\/arena-friedberger-warte.com\/en\/\",\"logo\":{\"@type\":\"ImageObject\",\"inLanguage\":\"en-US\",\"@id\":\"https:\/\/arena-friedberger-warte.com\/en\/#\/schema\/logo\/image\/\",\"url\":\"https:\/\/arena-friedberger-warte.com\/wp-content\/uploads\/arena_logo_black.svg\",\"contentUrl\":\"https:\/\/arena-friedberger-warte.com\/wp-content\/uploads\/arena_logo_black.svg\",\"width\":1,\"height\":1,\"caption\":\"Hotel Arena an der Friedberger Warte in Frankfurt\"},\"image\":{\"@id\":\"https:\/\/arena-friedberger-warte.com\/en\/#\/schema\/logo\/image\/\"}}]}<\/script>\n<!-- \/ Yoast SEO plugin. -->","yoast_head_json":{"title":"Contact - Hotel Arena an der Friedberger Warte in Frankfurt","robots":{"index":"index","follow":"follow","max-snippet":"max-snippet:-1","max-image-preview":"max-image-preview:large","max-video-preview":"max-video-preview:-1"},"canonical":"https:\/\/arena-friedberger-warte.com\/en\/contact\/","og_locale":"en_US","og_type":"article","og_title":"Contact - Hotel Arena an der Friedberger Warte in Frankfurt","og_url":"https:\/\/arena-friedberger-warte.com\/en\/contact\/","og_site_name":"Hotel Arena an der Friedberger Warte in Frankfurt","article_modified_time":"2026-04-29T11:15:07+00:00","og_image":[{"width":276,"height":276,"url":"https:\/\/arena-friedberger-warte.com\/wp-content\/uploads\/QR-Kontakt-AFW.png","type":"image\/png"}],"twitter_card":"summary_large_image","twitter_misc":{"Est. reading time":"2 minutes"},"schema":{"@context":"https:\/\/schema.org","@graph":[{"@type":"WebPage","@id":"https:\/\/arena-friedberger-warte.com\/en\/contact\/","url":"https:\/\/arena-friedberger-warte.com\/en\/contact\/","name":"Contact - Hotel Arena an der Friedberger Warte in Frankfurt","isPartOf":{"@id":"https:\/\/arena-friedberger-warte.com\/en\/#website"},"primaryImageOfPage":{"@id":"https:\/\/arena-friedberger-warte.com\/en\/contact\/#primaryimage"},"image":{"@id":"https:\/\/arena-friedberger-warte.com\/en\/contact\/#primaryimage"},"thumbnailUrl":"https:\/\/arena-friedberger-warte.com\/wp-content\/uploads\/QR-Kontakt-AFW.png","datePublished":"2022-09-28T10:43:16+00:00","dateModified":"2026-04-29T11:15:07+00:00","breadcrumb":{"@id":"https:\/\/arena-friedberger-warte.com\/en\/contact\/#breadcrumb"},"inLanguage":"en-US","potentialAction":[{"@type":"ReadAction","target":["https:\/\/arena-friedberger-warte.com\/en\/contact\/"]}]},{"@type":"ImageObject","inLanguage":"en-US","@id":"https:\/\/arena-friedberger-warte.com\/en\/contact\/#primaryimage","url":"https:\/\/arena-friedberger-warte.com\/wp-content\/uploads\/QR-Kontakt-AFW.png","contentUrl":"https:\/\/arena-friedberger-warte.com\/wp-content\/uploads\/QR-Kontakt-AFW.png"},{"@type":"BreadcrumbList","@id":"https:\/\/arena-friedberger-warte.com\/en\/contact\/#breadcrumb","itemListElement":[{"@type":"ListItem","position":1,"name":"Startseite","item":"https:\/\/arena-friedberger-warte.com\/en\/"},{"@type":"ListItem","position":2,"name":"Contact"}]},{"@type":"WebSite","@id":"https:\/\/arena-friedberger-warte.com\/en\/#website","url":"https:\/\/arena-friedberger-warte.com\/en\/","name":"Hotel Arena an der Friedberger Warte in Frankfurt","description":"Moderne Stadthotels mit internationaler Atmosp\u00e4re in finanzieller Metropole Europas","publisher":{"@id":"https:\/\/arena-friedberger-warte.com\/en\/#organization"},"potentialAction":[{"@type":"SearchAction","target":{"@type":"EntryPoint","urlTemplate":"https:\/\/arena-friedberger-warte.com\/en\/?s={search_term_string}"},"query-input":{"@type":"PropertyValueSpecification","valueRequired":true,"valueName":"search_term_string"}}],"inLanguage":"en-US"},{"@type":"Organization","@id":"https:\/\/arena-friedberger-warte.com\/en\/#organization","name":"Hotel Arena an der Friedberger Warte in Frankfurt","url":"https:\/\/arena-friedberger-warte.com\/en\/","logo":{"@type":"ImageObject","inLanguage":"en-US","@id":"https:\/\/arena-friedberger-warte.com\/en\/#\/schema\/logo\/image\/","url":"https:\/\/arena-friedberger-warte.com\/wp-content\/uploads\/arena_logo_black.svg","contentUrl":"https:\/\/arena-friedberger-warte.com\/wp-content\/uploads\/arena_logo_black.svg","width":1,"height":1,"caption":"Hotel Arena an der Friedberger Warte in Frankfurt"},"image":{"@id":"https:\/\/arena-friedberger-warte.com\/en\/#\/schema\/logo\/image\/"}}]}},"_links":{"self":[{"href":"https:\/\/arena-friedberger-warte.com\/en\/wp-json\/wp\/v2\/pages\/276","targetHints":{"allow":["GET"]}}],"collection":[{"href":"https:\/\/arena-friedberger-warte.com\/en\/wp-json\/wp\/v2\/pages"}],"about":[{"href":"https:\/\/arena-friedberger-warte.com\/en\/wp-json\/wp\/v2\/types\/page"}],"author":[{"embeddable":true,"href":"https:\/\/arena-friedberger-warte.com\/en\/wp-json\/wp\/v2\/users\/1"}],"replies":[{"embeddable":true,"href":"https:\/\/arena-friedberger-warte.com\/en\/wp-json\/wp\/v2\/comments?post=276"}],"version-history":[{"count":185,"href":"https:\/\/arena-friedberger-warte.com\/en\/wp-json\/wp\/v2\/pages\/276\/revisions"}],"predecessor-version":[{"id":2546,"href":"https:\/\/arena-friedberger-warte.com\/en\/wp-json\/wp\/v2\/pages\/276\/revisions\/2546"}],"wp:attachment":[{"href":"https:\/\/arena-friedberger-warte.com\/en\/wp-json\/wp\/v2\/media?parent=276"}],"curies":[{"name":"wp","href":"https:\/\/api.w.org\/{rel}","templated":true}]}}