{"id":292,"date":"2022-09-28T16:03:06","date_gmt":"2022-09-28T14:03:06","guid":{"rendered":"https:\/\/arena-friedberger-warte.com\/\/surroundings\/"},"modified":"2026-04-15T13:36:37","modified_gmt":"2026-04-15T11:36:37","slug":"surroundings","status":"publish","type":"page","link":"https:\/\/arena-friedberger-warte.com\/en\/surroundings\/","title":{"rendered":"Surroundings"},"content":{"rendered":"<div id='av_section_1'  class='avia-section av-1138sm-2132c3249870b3a49d73372c91c056f4 main_color avia-section-default avia-no-border-styling  avia-builder-el-0  el_before_av_section  avia-builder-el-first  avia-bg-style-scroll container_wrap fullsize'  ><div class='container av-section-cont-open' ><main  role=\"main\" itemprop=\"mainContentOfPage\"  class='template-page content  av-content-full alpha units'><div class='post-entry post-entry-type-page post-entry-292'><div class='entry-content-wrapper clearfix'>\n<section  class='av_textblock_section av-l8lp0c7b-48f0149688d502f8e77329ac60a0bb50 '   itemscope=\"itemscope\" itemtype=\"https:\/\/schema.org\/CreativeWork\" ><div class='avia_textblock'  itemprop=\"text\" ><h1>The surroundings<\/h1>\n<\/div><\/section>\n<div  class='flex_column av-vcr5i-c0dc1b25346f4e8e463222c43010a50b av_one_half  avia-builder-el-2  el_after_av_textblock  el_before_av_one_half  first flex_column_div  column-top-margin'     ><section  class='av_textblock_section av-l8lp0yx1-d16745a53a39aa61d9feaca27431024e '   itemscope=\"itemscope\" itemtype=\"https:\/\/schema.org\/CreativeWork\" ><div class='avia_textblock'  itemprop=\"text\" ><p>Unser Hotel Arena an der Friedberger Warte liegt zentral an der Grenze zwischen zwei der beliebtesten Frankfurter Stadtteile \u2013 Bornheim und Nordend. Egal aus welchem Anlass Sie reisen, vom Hotel aus sind alle wichtigen Frankfurter Ziele in k\u00fcrzester Zeit erreichbar: In die Innenstadt mit der Einkaufsmeile Zeil, der Alten Oper und der Frankfurter B\u00f6rse gelangen Sie mit der Stra\u00dfenbahn, die nur eine Gehminute vom Hotel entfernt verkehrt, in nur 10 Minuten. Auch die Messe Frankfurt, den Hauptbahnhof sowie den Frankfurter Flughafen erreichen Sie mit den \u00f6ffentlichen Verkehrsmitteln oder mit dem Auto in kurzer Zeit.<\/p>\n<\/div><\/section><\/div><div  class='flex_column av-pbfum-a7722b98a9ba1a9a785139b529c8cc94 av_one_half  avia-builder-el-4  el_after_av_one_half  avia-builder-el-last  flex_column_div  column-top-margin'     ><section  class='av_textblock_section av-l8lp1eaz-2850111967f524e63d992cec482c9b0b '   itemscope=\"itemscope\" itemtype=\"https:\/\/schema.org\/CreativeWork\" ><div class='avia_textblock'  itemprop=\"text\" ><p>Das US-Amerikanische Konsulat liegt in fu\u00dfl\u00e4ufiger Entfernung. Zudem ist das Hotel Arena an der Friedberger Warte \u00fcber die Autobahn A 661 (Ausfahrt Frankfurt-Stadtmitte) in etwa einem Kilometer direkt erreichbar. In den beliebten Stadtteilen Nordend und Bornheim liegen zahlreiche Gesch\u00e4fte und Lokalit\u00e4ten. Im Umkreis von einem Kilometer um das Hotel Arena an der Friedberger Warte finden Sie mehrere Superm\u00e4rkte, eine Apotheke, einen Friseur, Restaurants und viele weitere Gesch\u00e4fte und Einkaufsm\u00f6glichkeiten. Der Wasserpark direkt gegen\u00fcber vom Hotel l\u00e4dt zum Spazieren und Entspannen ein.<\/p>\n<\/div><\/section><\/div><\/div><\/div><\/main><!-- close content main element --><\/div><\/div>\n<style type=\"text\/css\" data-created_by=\"avia_inline_auto\" id=\"style-css-av-l8lsp5e1-e85f2cc79b01e7f0d04344b06124a8e5\">\n.avia-section.av-l8lsp5e1-e85f2cc79b01e7f0d04344b06124a8e5{\nbackground-color:#f7eddc;\nbackground-image:unset;\n}\n<\/style>\n<div id='av_section_2'  class='avia-section av-l8lsp5e1-e85f2cc79b01e7f0d04344b06124a8e5 main_color avia-section-default avia-no-border-styling  avia-builder-el-6  el_after_av_section  avia-builder-el-last  avia-bg-style-scroll container_wrap fullsize'  ><div class='container av-section-cont-open' ><div class='template-page content  av-content-full alpha units'><div class='post-entry post-entry-type-page post-entry-292'><div class='entry-content-wrapper clearfix'>\n<div  class='tabcontainer av-k3m9y-e1eb89a18c41689a7ee02def7b303b6c sidebar_tab sidebar_tab_left  avia-builder-el-7  avia-builder-el-no-sibling  noborder_tabs'>\n<section class='av_tab_section av_tab_section av-e0hdy-b47ba059fc2c226896b15d240b63bc83'  itemscope=\"itemscope\" itemtype=\"https:\/\/schema.org\/CreativeWork\" ><div id='tab-id-1-tab' class='tab active_tab' role='tab' aria-selected=\"true\" tabindex=\"0\" data-fake-id='#tab-id-1' aria-controls='tab-id-1-content'  itemprop=\"headline\" >PUBLIC TRANSPORTATION<\/div><div id='tab-id-1-content' class='tab_content active_tab_content' role='tabpanel' aria-labelledby='tab-id-1-tab' aria-hidden=\"false\"><div class='tab_inner_content invers-color'  itemprop=\"text\" ><p><img decoding=\"async\" class=\"alignnone size-medium wp-image-177\" src=\"https:\/\/arena-friedberger-warte.com\/\/wp-content\/uploads\/umgebung_1.jpg\" alt=\"\" width=\"\" height=\"\" \/>Das Hotel Arena an der Friedberger Warte\u00a0trennen nur wenige Schritte von der Haltestelle &#8220;Wasserpark&#8221; (Stra\u00dfenbahn 18 und Bus 30). Etwa 10 Gehminuten entfernt liegt die U-Bahnstation &#8220;Gie\u00dfener Stra\u00dfe&#8221;, wo die Linie U5 verkehrt, mit der Sie beispielsweise zum Hauptbahnhof gelangen k\u00f6nnen. In 5 Gehminuten erreichen Sie die Haltestelle &#8220;Friedberger Warte&#8221;, von der aus Sie die Buslinie 34 in wenigen Minuten mitten ins Herz des beliebten und belebten Stadtteils Bornheim bringt.<\/p>\n<\/div><\/div><\/section>\n<section class='av_tab_section av_tab_section av-bhl0e-89328798303b1ca8e554dd3d0dc4e1ad'  itemscope=\"itemscope\" itemtype=\"https:\/\/schema.org\/CreativeWork\" ><div id='tab-id-2-tab' class='tab' role='tab' aria-selected=\"false\" tabindex=\"0\" data-fake-id='#tab-id-2' aria-controls='tab-id-2-content'  itemprop=\"headline\" >Attractions<\/div><div id='tab-id-2-content' class='tab_content' role='tabpanel' aria-labelledby='tab-id-2-tab' aria-hidden=\"true\"><div class='tab_inner_content invers-color'  itemprop=\"text\" ><p><img decoding=\"async\" class=\"alignnone size-medium wp-image-175\" src=\"https:\/\/arena-friedberger-warte.com\/\/wp-content\/uploads\/umgebung_roemer.jpg\" alt=\"\" width=\"\" height=\"\" srcset=\"https:\/\/arena-friedberger-warte.com\/wp-content\/uploads\/umgebung_roemer.jpg 960w, https:\/\/arena-friedberger-warte.com\/wp-content\/uploads\/umgebung_roemer-300x175.jpg 300w, https:\/\/arena-friedberger-warte.com\/wp-content\/uploads\/umgebung_roemer-768x448.jpg 768w, https:\/\/arena-friedberger-warte.com\/wp-content\/uploads\/umgebung_roemer-705x411.jpg 705w\" sizes=\"(max-width: 960px) 100vw, 960px\" \/>Dank der guten Anbindung an die \u00f6ffentlichen Verkehrsmittel fahren Sie rasch zu allen Sehensw\u00fcrdigkeiten und kulturellen H\u00f6hepunkten in der Frankfurter Innenstadt. Dazu z\u00e4hlen u.a. die Alte Oper, der R\u00f6mer und der Frankfurter Dom. Sie gelangen von dem Hotel Arena an der Friedberger Warte zudem bequem ins ber\u00fchmte Bankenviertel, zur Goethe-Universit\u00e4t sowie zum Zoo, zum Senckenberg-Museum und der Shoppingmeile Zeil.<\/p>\n<\/div><\/div><\/section>\n<section class='av_tab_section av_tab_section av-l8lskwmd-ba9a3c98daffc94f23fec221ecca107e'  itemscope=\"itemscope\" itemtype=\"https:\/\/schema.org\/CreativeWork\" ><div id='tab-id-3-tab' class='tab' role='tab' aria-selected=\"false\" tabindex=\"0\" data-fake-id='#tab-id-3' aria-controls='tab-id-3-content'  itemprop=\"headline\" >Entfernung Flughafen, Autobahn, Bahnhof etc.<\/div><div id='tab-id-3-content' class='tab_content' role='tabpanel' aria-labelledby='tab-id-3-tab' aria-hidden=\"true\"><div class='tab_inner_content invers-color'  itemprop=\"text\" ><p><img decoding=\"async\" class=\"alignnone size-medium wp-image-174\" src=\"https:\/\/arena-friedberger-warte.com\/\/wp-content\/uploads\/umgebung_transport.jpg\" alt=\"\" width=\"\" height=\"\" \/><\/p>\n<ul>\n<li>Flughafen Frankfurt International Airport: 12 km<\/li>\n<li>Frankfurt Hahn: 125 km<\/li>\n<li>N\u00e4chster ICE-Bahnhof: Hauptbahnhof Frankfurt am Main, 8 km<\/li>\n<li>N\u00e4chste U-Bahnstation: Gie\u00dfener Stra\u00dfe 1 km<\/li>\n<li>N\u00e4chste S-Bahnhaltestelle: Konstablerwache 4 km<\/li>\n<li>Autobahn Frankfurt-Stadtmitte \/ Friedberger Landstra\u00dfe: 1 km<\/li>\n<li>Messe Frankfurt: 7 km<\/li>\n<li>Messe Offenbach: 9 km<\/li>\n<\/ul>\n<\/div><\/div><\/section>\n<\/div>\n<\/p>\n","protected":false},"excerpt":{"rendered":"","protected":false},"author":1,"featured_media":0,"parent":0,"menu_order":0,"comment_status":"closed","ping_status":"closed","template":"","meta":{"footnotes":""},"class_list":["post-292","page","type-page","status-publish","hentry"],"yoast_head":"<!-- This site is optimized with the Yoast SEO plugin v26.2 - https:\/\/yoast.com\/wordpress\/plugins\/seo\/ -->\n<title>Surroundings - Hotel Arena an der Friedberger Warte in Frankfurt<\/title>\n<meta name=\"robots\" content=\"index, follow, max-snippet:-1, max-image-preview:large, max-video-preview:-1\" \/>\n<link rel=\"canonical\" href=\"https:\/\/arena-friedberger-warte.com\/en\/surroundings\/\" \/>\n<meta property=\"og:locale\" content=\"en_US\" \/>\n<meta property=\"og:type\" content=\"article\" \/>\n<meta property=\"og:title\" content=\"Surroundings - Hotel Arena an der Friedberger Warte in Frankfurt\" \/>\n<meta property=\"og:url\" content=\"https:\/\/arena-friedberger-warte.com\/en\/surroundings\/\" \/>\n<meta property=\"og:site_name\" content=\"Hotel Arena an der Friedberger Warte in Frankfurt\" \/>\n<meta property=\"article:modified_time\" content=\"2026-04-15T11:36:37+00:00\" \/>\n<meta property=\"og:image\" content=\"https:\/\/arena-friedberger-warte.com\/\/wp-content\/uploads\/umgebung_1.jpg\" \/>\n<meta name=\"twitter:card\" content=\"summary_large_image\" \/>\n<meta name=\"twitter:label1\" content=\"Est. reading time\" \/>\n\t<meta name=\"twitter:data1\" content=\"10 minutes\" \/>\n<script type=\"application\/ld+json\" class=\"yoast-schema-graph\">{\"@context\":\"https:\/\/schema.org\",\"@graph\":[{\"@type\":\"WebPage\",\"@id\":\"https:\/\/arena-friedberger-warte.com\/en\/surroundings\/\",\"url\":\"https:\/\/arena-friedberger-warte.com\/en\/surroundings\/\",\"name\":\"Surroundings - Hotel Arena an der Friedberger Warte in Frankfurt\",\"isPartOf\":{\"@id\":\"https:\/\/arena-friedberger-warte.com\/en\/#website\"},\"primaryImageOfPage\":{\"@id\":\"https:\/\/arena-friedberger-warte.com\/en\/surroundings\/#primaryimage\"},\"image\":{\"@id\":\"https:\/\/arena-friedberger-warte.com\/en\/surroundings\/#primaryimage\"},\"thumbnailUrl\":\"https:\/\/arena-friedberger-warte.com\/\/wp-content\/uploads\/umgebung_1.jpg\",\"datePublished\":\"2022-09-28T14:03:06+00:00\",\"dateModified\":\"2026-04-15T11:36:37+00:00\",\"breadcrumb\":{\"@id\":\"https:\/\/arena-friedberger-warte.com\/en\/surroundings\/#breadcrumb\"},\"inLanguage\":\"en-US\",\"potentialAction\":[{\"@type\":\"ReadAction\",\"target\":[\"https:\/\/arena-friedberger-warte.com\/en\/surroundings\/\"]}]},{\"@type\":\"ImageObject\",\"inLanguage\":\"en-US\",\"@id\":\"https:\/\/arena-friedberger-warte.com\/en\/surroundings\/#primaryimage\",\"url\":\"https:\/\/arena-friedberger-warte.com\/\/wp-content\/uploads\/umgebung_1.jpg\",\"contentUrl\":\"https:\/\/arena-friedberger-warte.com\/\/wp-content\/uploads\/umgebung_1.jpg\"},{\"@type\":\"BreadcrumbList\",\"@id\":\"https:\/\/arena-friedberger-warte.com\/en\/surroundings\/#breadcrumb\",\"itemListElement\":[{\"@type\":\"ListItem\",\"position\":1,\"name\":\"Startseite\",\"item\":\"https:\/\/arena-friedberger-warte.com\/en\/\"},{\"@type\":\"ListItem\",\"position\":2,\"name\":\"Surroundings\"}]},{\"@type\":\"WebSite\",\"@id\":\"https:\/\/arena-friedberger-warte.com\/en\/#website\",\"url\":\"https:\/\/arena-friedberger-warte.com\/en\/\",\"name\":\"Hotel Arena an der Friedberger Warte in Frankfurt\",\"description\":\"Moderne Stadthotels mit internationaler Atmosp\u00e4re in finanzieller Metropole Europas\",\"publisher\":{\"@id\":\"https:\/\/arena-friedberger-warte.com\/en\/#organization\"},\"potentialAction\":[{\"@type\":\"SearchAction\",\"target\":{\"@type\":\"EntryPoint\",\"urlTemplate\":\"https:\/\/arena-friedberger-warte.com\/en\/?s={search_term_string}\"},\"query-input\":{\"@type\":\"PropertyValueSpecification\",\"valueRequired\":true,\"valueName\":\"search_term_string\"}}],\"inLanguage\":\"en-US\"},{\"@type\":\"Organization\",\"@id\":\"https:\/\/arena-friedberger-warte.com\/en\/#organization\",\"name\":\"Hotel Arena an der Friedberger Warte in Frankfurt\",\"url\":\"https:\/\/arena-friedberger-warte.com\/en\/\",\"logo\":{\"@type\":\"ImageObject\",\"inLanguage\":\"en-US\",\"@id\":\"https:\/\/arena-friedberger-warte.com\/en\/#\/schema\/logo\/image\/\",\"url\":\"https:\/\/arena-friedberger-warte.com\/wp-content\/uploads\/arena_logo_black.svg\",\"contentUrl\":\"https:\/\/arena-friedberger-warte.com\/wp-content\/uploads\/arena_logo_black.svg\",\"width\":1,\"height\":1,\"caption\":\"Hotel Arena an der Friedberger Warte in Frankfurt\"},\"image\":{\"@id\":\"https:\/\/arena-friedberger-warte.com\/en\/#\/schema\/logo\/image\/\"}}]}<\/script>\n<!-- \/ Yoast SEO plugin. -->","yoast_head_json":{"title":"Surroundings - Hotel Arena an der Friedberger Warte in Frankfurt","robots":{"index":"index","follow":"follow","max-snippet":"max-snippet:-1","max-image-preview":"max-image-preview:large","max-video-preview":"max-video-preview:-1"},"canonical":"https:\/\/arena-friedberger-warte.com\/en\/surroundings\/","og_locale":"en_US","og_type":"article","og_title":"Surroundings - Hotel Arena an der Friedberger Warte in Frankfurt","og_url":"https:\/\/arena-friedberger-warte.com\/en\/surroundings\/","og_site_name":"Hotel Arena an der Friedberger Warte in Frankfurt","article_modified_time":"2026-04-15T11:36:37+00:00","og_image":[{"url":"https:\/\/arena-friedberger-warte.com\/\/wp-content\/uploads\/umgebung_1.jpg","type":"","width":"","height":""}],"twitter_card":"summary_large_image","twitter_misc":{"Est. reading time":"10 minutes"},"schema":{"@context":"https:\/\/schema.org","@graph":[{"@type":"WebPage","@id":"https:\/\/arena-friedberger-warte.com\/en\/surroundings\/","url":"https:\/\/arena-friedberger-warte.com\/en\/surroundings\/","name":"Surroundings - Hotel Arena an der Friedberger Warte in Frankfurt","isPartOf":{"@id":"https:\/\/arena-friedberger-warte.com\/en\/#website"},"primaryImageOfPage":{"@id":"https:\/\/arena-friedberger-warte.com\/en\/surroundings\/#primaryimage"},"image":{"@id":"https:\/\/arena-friedberger-warte.com\/en\/surroundings\/#primaryimage"},"thumbnailUrl":"https:\/\/arena-friedberger-warte.com\/\/wp-content\/uploads\/umgebung_1.jpg","datePublished":"2022-09-28T14:03:06+00:00","dateModified":"2026-04-15T11:36:37+00:00","breadcrumb":{"@id":"https:\/\/arena-friedberger-warte.com\/en\/surroundings\/#breadcrumb"},"inLanguage":"en-US","potentialAction":[{"@type":"ReadAction","target":["https:\/\/arena-friedberger-warte.com\/en\/surroundings\/"]}]},{"@type":"ImageObject","inLanguage":"en-US","@id":"https:\/\/arena-friedberger-warte.com\/en\/surroundings\/#primaryimage","url":"https:\/\/arena-friedberger-warte.com\/\/wp-content\/uploads\/umgebung_1.jpg","contentUrl":"https:\/\/arena-friedberger-warte.com\/\/wp-content\/uploads\/umgebung_1.jpg"},{"@type":"BreadcrumbList","@id":"https:\/\/arena-friedberger-warte.com\/en\/surroundings\/#breadcrumb","itemListElement":[{"@type":"ListItem","position":1,"name":"Startseite","item":"https:\/\/arena-friedberger-warte.com\/en\/"},{"@type":"ListItem","position":2,"name":"Surroundings"}]},{"@type":"WebSite","@id":"https:\/\/arena-friedberger-warte.com\/en\/#website","url":"https:\/\/arena-friedberger-warte.com\/en\/","name":"Hotel Arena an der Friedberger Warte in Frankfurt","description":"Moderne Stadthotels mit internationaler Atmosp\u00e4re in finanzieller Metropole Europas","publisher":{"@id":"https:\/\/arena-friedberger-warte.com\/en\/#organization"},"potentialAction":[{"@type":"SearchAction","target":{"@type":"EntryPoint","urlTemplate":"https:\/\/arena-friedberger-warte.com\/en\/?s={search_term_string}"},"query-input":{"@type":"PropertyValueSpecification","valueRequired":true,"valueName":"search_term_string"}}],"inLanguage":"en-US"},{"@type":"Organization","@id":"https:\/\/arena-friedberger-warte.com\/en\/#organization","name":"Hotel Arena an der Friedberger Warte in Frankfurt","url":"https:\/\/arena-friedberger-warte.com\/en\/","logo":{"@type":"ImageObject","inLanguage":"en-US","@id":"https:\/\/arena-friedberger-warte.com\/en\/#\/schema\/logo\/image\/","url":"https:\/\/arena-friedberger-warte.com\/wp-content\/uploads\/arena_logo_black.svg","contentUrl":"https:\/\/arena-friedberger-warte.com\/wp-content\/uploads\/arena_logo_black.svg","width":1,"height":1,"caption":"Hotel Arena an der Friedberger Warte in Frankfurt"},"image":{"@id":"https:\/\/arena-friedberger-warte.com\/en\/#\/schema\/logo\/image\/"}}]}},"_links":{"self":[{"href":"https:\/\/arena-friedberger-warte.com\/en\/wp-json\/wp\/v2\/pages\/292","targetHints":{"allow":["GET"]}}],"collection":[{"href":"https:\/\/arena-friedberger-warte.com\/en\/wp-json\/wp\/v2\/pages"}],"about":[{"href":"https:\/\/arena-friedberger-warte.com\/en\/wp-json\/wp\/v2\/types\/page"}],"author":[{"embeddable":true,"href":"https:\/\/arena-friedberger-warte.com\/en\/wp-json\/wp\/v2\/users\/1"}],"replies":[{"embeddable":true,"href":"https:\/\/arena-friedberger-warte.com\/en\/wp-json\/wp\/v2\/comments?post=292"}],"version-history":[{"count":93,"href":"https:\/\/arena-friedberger-warte.com\/en\/wp-json\/wp\/v2\/pages\/292\/revisions"}],"predecessor-version":[{"id":2442,"href":"https:\/\/arena-friedberger-warte.com\/en\/wp-json\/wp\/v2\/pages\/292\/revisions\/2442"}],"wp:attachment":[{"href":"https:\/\/arena-friedberger-warte.com\/en\/wp-json\/wp\/v2\/media?parent=292"}],"curies":[{"name":"wp","href":"https:\/\/api.w.org\/{rel}","templated":true}]}}